{"id":137,"date":"2023-06-24T03:54:28","date_gmt":"2023-06-24T03:54:28","guid":{"rendered":"https:\/\/liceosantoangel.edu.co\/?page_id=137"},"modified":"2023-08-17T14:31:22","modified_gmt":"2023-08-17T14:31:22","slug":"liceo-santo-angel","status":"publish","type":"page","link":"https:\/\/liceosantoangel.edu.co\/index.php\/liceo-santo-angel\/","title":{"rendered":"Liceo Santo \u00c1ngel"},"content":{"rendered":"\t\t<div data-elementor-type=\"wp-page\" data-elementor-id=\"137\" class=\"elementor elementor-137\" data-elementor-post-type=\"page\">\n\t\t\t\t\t\t<section class=\"elementor-section elementor-top-section elementor-element elementor-element-480ef096 elementor-section-full_width elementor-section-content-middle elementor-section-height-default elementor-section-height-default\" data-id=\"480ef096\" data-element_type=\"section\" data-settings=\"{&quot;background_background&quot;:&quot;classic&quot;}\">\n\t\t\t\t\t\t<div class=\"elementor-container elementor-column-gap-no\">\n\t\t\t\t\t<div class=\"elementor-column elementor-col-50 elementor-top-column elementor-element elementor-element-6fbd09e1\" data-id=\"6fbd09e1\" data-element_type=\"column\" data-settings=\"{&quot;background_background&quot;:&quot;classic&quot;}\">\n\t\t\t<div class=\"elementor-widget-wrap elementor-element-populated\">\n\t\t\t\t\t<div class=\"elementor-background-overlay\"><\/div>\n\t\t\t\t\t\t<div class=\"elementor-element elementor-element-4f5cf042 elementor-widget elementor-widget-heading\" data-id=\"4f5cf042\" data-element_type=\"widget\" data-widget_type=\"heading.default\">\n\t\t\t\t<div class=\"elementor-widget-container\">\n\t\t\t\t\t<h4 class=\"elementor-heading-title elementor-size-default\">QUIENES \nSOMOS<\/h4>\t\t\t\t<\/div>\n\t\t\t\t<\/div>\n\t\t\t\t\t<\/div>\n\t\t<\/div>\n\t\t\t\t<div class=\"elementor-column elementor-col-50 elementor-top-column elementor-element elementor-element-443de9ac\" data-id=\"443de9ac\" data-element_type=\"column\">\n\t\t\t<div class=\"elementor-widget-wrap elementor-element-populated\">\n\t\t\t\t\t\t<div class=\"elementor-element elementor-element-2c03d156 elementor-widget elementor-widget-text-editor\" data-id=\"2c03d156\" data-element_type=\"widget\" data-widget_type=\"text-editor.default\">\n\t\t\t\t<div class=\"elementor-widget-container\">\n\t\t\t\t\t\t\t\t\t<p>El LICEO SANTO \u00c1NGEL es una institucion educativa de car\u00e1cter privado, con aprobaci\u00f3n oficial para los niveles de educaci\u00f3n inicial, preescolar y b\u00e1sica primaria calendario A. Tenemos como base la educaci\u00f3n integral de nuestros ni\u00f1os en la ciudad de Sogamoso (Boyac\u00e1); m\u00e1s de trece a\u00f1os de experiencia, desarrollando &nbsp;el aprendizaje a trav\u00e9s de &nbsp;la vivencia, por tanto, creamos un ambiente escolar que tiene como prioridad la estimulaci\u00f3n de las dimensiones cognoscitiva, comunicativa, corporal y social de los ni\u00f1os, &nbsp;implementando progresivamente&nbsp; las cuatro grandes &nbsp;\u00e1reas b\u00e1sicas del conocimiento &nbsp;o disciplinas especificas &nbsp;en las que trabajan cient\u00edficos e ingenieros STEM,&nbsp; por supuesto bajo la pedagog\u00eda del amor; &nbsp;haciendo \u00e9nfasis en la ense\u00f1anza de una segunda lengua, el ingl\u00e9s. Proyect\u00e1ndolos a un futuro con las habilidades y competencias necesarias en un mundo que est\u00e1 en constantes cambios tecnol\u00f3gicos que hacen que nuestra vida sea m\u00e1s sencilla, por estos cambios sociales y culturales desarrollamos en nuestros estudiantes habilidades tecnol\u00f3gicas en un \u00e1mbito cient\u00edfico, para dar respuesta a sus necesidades integrales, sali\u00e9ndonos de la educaci\u00f3n tradicional y brindando una opci\u00f3n novedosa y competitiva en el \u00e1mbito escolar.&nbsp;<\/p>\t\t\t\t\t\t\t\t<\/div>\n\t\t\t\t<\/div>\n\t\t\t\t\t<\/div>\n\t\t<\/div>\n\t\t\t\t\t<\/div>\n\t\t<\/section>\n\t\t\t\t<section class=\"elementor-section elementor-top-section elementor-element elementor-element-3b03bb19 elementor-section-content-middle elementor-section-boxed elementor-section-height-default elementor-section-height-default\" data-id=\"3b03bb19\" data-element_type=\"section\" data-settings=\"{&quot;background_background&quot;:&quot;gradient&quot;}\">\n\t\t\t\t\t\t<div class=\"elementor-container elementor-column-gap-no\">\n\t\t\t\t\t<div class=\"elementor-column elementor-col-50 elementor-top-column elementor-element elementor-element-5c0fcd4\" data-id=\"5c0fcd4\" data-element_type=\"column\">\n\t\t\t<div class=\"elementor-widget-wrap elementor-element-populated\">\n\t\t\t\t\t\t<div class=\"elementor-element elementor-element-31380701 elementor-widget elementor-widget-heading\" data-id=\"31380701\" data-element_type=\"widget\" data-widget_type=\"heading.default\">\n\t\t\t\t<div class=\"elementor-widget-container\">\n\t\t\t\t\t<h3 class=\"elementor-heading-title elementor-size-default\">Misi\u00f3n<\/h3>\t\t\t\t<\/div>\n\t\t\t\t<\/div>\n\t\t\t\t<div class=\"elementor-element elementor-element-b70d0c5 elementor-widget elementor-widget-text-editor\" data-id=\"b70d0c5\" data-element_type=\"widget\" data-widget_type=\"text-editor.default\">\n\t\t\t\t<div class=\"elementor-widget-container\">\n\t\t\t\t\t\t\t\t\t<p>El LICEO SANTO ANGEL tiene como misi\u00f3n la formaci\u00f3n integral de nuestros ni\u00f1os-as brind\u00e1ndoles las herramientas adecuadas para el desarrollo de los procesos del pensamiento, psicomotrices y socio afectivos, haciendo \u00e9nfasis en el fortalecimiento de la lengua materna y en el idioma extranjero ingl\u00e9s, mejorando continuamente nuestra propuesta educativa, formando seres integrales y competentes para una sociedad cambiante.<\/p>\t\t\t\t\t\t\t\t<\/div>\n\t\t\t\t<\/div>\n\t\t\t\t<div class=\"elementor-element elementor-element-50d266d2 elementor-widget elementor-widget-image\" data-id=\"50d266d2\" data-element_type=\"widget\" data-widget_type=\"image.default\">\n\t\t\t\t<div class=\"elementor-widget-container\">\n\t\t\t\t\t\t\t\t\t\t\t\t\t\t\t<img fetchpriority=\"high\" decoding=\"async\" width=\"768\" height=\"1024\" src=\"https:\/\/liceosantoangel.edu.co\/wp-content\/uploads\/2023\/07\/7a68e593-9cd1-4608-a915-0b0b1129031f-768x1024.jpg\" class=\"elementor-animation-grow attachment-large size-large wp-image-325\" alt=\"\" srcset=\"https:\/\/liceosantoangel.edu.co\/wp-content\/uploads\/2023\/07\/7a68e593-9cd1-4608-a915-0b0b1129031f-768x1024.jpg 768w, https:\/\/liceosantoangel.edu.co\/wp-content\/uploads\/2023\/07\/7a68e593-9cd1-4608-a915-0b0b1129031f-225x300.jpg 225w, https:\/\/liceosantoangel.edu.co\/wp-content\/uploads\/2023\/07\/7a68e593-9cd1-4608-a915-0b0b1129031f.jpg 960w\" sizes=\"(max-width: 768px) 100vw, 768px\" \/>\t\t\t\t\t\t\t\t\t\t\t\t\t\t\t<\/div>\n\t\t\t\t<\/div>\n\t\t\t\t\t<\/div>\n\t\t<\/div>\n\t\t\t\t<div class=\"elementor-column elementor-col-50 elementor-top-column elementor-element elementor-element-44089b4a\" data-id=\"44089b4a\" data-element_type=\"column\">\n\t\t\t<div class=\"elementor-widget-wrap elementor-element-populated\">\n\t\t\t\t\t\t<div class=\"elementor-element elementor-element-231bf233 elementor-widget elementor-widget-image\" data-id=\"231bf233\" data-element_type=\"widget\" data-widget_type=\"image.default\">\n\t\t\t\t<div class=\"elementor-widget-container\">\n\t\t\t\t\t\t\t\t\t\t\t\t\t\t\t<img decoding=\"async\" width=\"2560\" height=\"1707\" src=\"https:\/\/liceosantoangel.edu.co\/wp-content\/uploads\/2023\/07\/papeles-negocios-bodegones-varias-piezas-rompecabezas-scaled.jpg\" class=\"elementor-animation-grow attachment-full size-full wp-image-323\" alt=\"\" srcset=\"https:\/\/liceosantoangel.edu.co\/wp-content\/uploads\/2023\/07\/papeles-negocios-bodegones-varias-piezas-rompecabezas-scaled.jpg 2560w, https:\/\/liceosantoangel.edu.co\/wp-content\/uploads\/2023\/07\/papeles-negocios-bodegones-varias-piezas-rompecabezas-300x200.jpg 300w, https:\/\/liceosantoangel.edu.co\/wp-content\/uploads\/2023\/07\/papeles-negocios-bodegones-varias-piezas-rompecabezas-1024x683.jpg 1024w, https:\/\/liceosantoangel.edu.co\/wp-content\/uploads\/2023\/07\/papeles-negocios-bodegones-varias-piezas-rompecabezas-768x512.jpg 768w, https:\/\/liceosantoangel.edu.co\/wp-content\/uploads\/2023\/07\/papeles-negocios-bodegones-varias-piezas-rompecabezas-1536x1024.jpg 1536w, https:\/\/liceosantoangel.edu.co\/wp-content\/uploads\/2023\/07\/papeles-negocios-bodegones-varias-piezas-rompecabezas-2048x1365.jpg 2048w\" sizes=\"(max-width: 2560px) 100vw, 2560px\" \/>\t\t\t\t\t\t\t\t\t\t\t\t\t\t\t<\/div>\n\t\t\t\t<\/div>\n\t\t\t\t<div class=\"elementor-element elementor-element-da0998c elementor-widget elementor-widget-heading\" data-id=\"da0998c\" data-element_type=\"widget\" data-widget_type=\"heading.default\">\n\t\t\t\t<div class=\"elementor-widget-container\">\n\t\t\t\t\t<h3 class=\"elementor-heading-title elementor-size-default\">Visi\u00f3n<\/h3>\t\t\t\t<\/div>\n\t\t\t\t<\/div>\n\t\t\t\t<div class=\"elementor-element elementor-element-7a20eac8 elementor-widget elementor-widget-text-editor\" data-id=\"7a20eac8\" data-element_type=\"widget\" data-widget_type=\"text-editor.default\">\n\t\t\t\t<div class=\"elementor-widget-container\">\n\t\t\t\t\t\t\t\t\t<p>Para el a\u00f1o 2028 seremos una comunidad educativa que forma integralmente ni\u00f1os-as competentes con capacidad de liderazgo, esp\u00edritu investigativo, habilidad en el idioma extranjero ingl\u00e9s, uso \u00e9tico y creativo de las nuevas tecnolog\u00edas de la informaci\u00f3n y las comunicaciones, con una educaci\u00f3n moderna y audaz profundizando en cuatro grandes \u00e1reas del conocimiento (STEM) protagonistas en el desarrollo intercultural, la convivencia pac\u00edfica el compromiso social y la conciencia ecol\u00f3gica; seremos reconocidos a nivel departamental por nuestra propuesta educativa y resultados acad\u00e9micos.<\/p>\t\t\t\t\t\t\t\t<\/div>\n\t\t\t\t<\/div>\n\t\t\t\t\t<\/div>\n\t\t<\/div>\n\t\t\t\t\t<\/div>\n\t\t<\/section>\n\t\t\t\t<section class=\"elementor-section elementor-top-section elementor-element elementor-element-5555ff5a elementor-section-content-middle elementor-section-boxed elementor-section-height-default elementor-section-height-default\" data-id=\"5555ff5a\" data-element_type=\"section\" data-settings=\"{&quot;background_background&quot;:&quot;classic&quot;}\">\n\t\t\t\t\t\t\t<div class=\"elementor-background-overlay\"><\/div>\n\t\t\t\t\t\t\t<div class=\"elementor-container elementor-column-gap-no\">\n\t\t\t\t\t<div class=\"elementor-column elementor-col-50 elementor-top-column elementor-element elementor-element-2c19b11b\" data-id=\"2c19b11b\" data-element_type=\"column\">\n\t\t\t<div class=\"elementor-widget-wrap elementor-element-populated\">\n\t\t\t\t\t\t<div class=\"elementor-element elementor-element-3e3c6e8d elementor-widget-divider--view-line elementor-widget elementor-widget-divider\" data-id=\"3e3c6e8d\" data-element_type=\"widget\" data-widget_type=\"divider.default\">\n\t\t\t\t<div class=\"elementor-widget-container\">\n\t\t\t\t\t\t\t<div class=\"elementor-divider\">\n\t\t\t<span class=\"elementor-divider-separator\">\n\t\t\t\t\t\t<\/span>\n\t\t<\/div>\n\t\t\t\t\t\t<\/div>\n\t\t\t\t<\/div>\n\t\t\t\t\t<\/div>\n\t\t<\/div>\n\t\t\t\t<div class=\"elementor-column elementor-col-50 elementor-top-column elementor-element elementor-element-93e119e\" data-id=\"93e119e\" data-element_type=\"column\">\n\t\t\t<div class=\"elementor-widget-wrap elementor-element-populated\">\n\t\t\t\t\t\t<div class=\"elementor-element elementor-element-6dddc4c8 elementor-widget elementor-widget-heading\" data-id=\"6dddc4c8\" data-element_type=\"widget\" data-widget_type=\"heading.default\">\n\t\t\t\t<div class=\"elementor-widget-container\">\n\t\t\t\t\t<h4 class=\"elementor-heading-title elementor-size-default\">Objetivos Institucionales<\/h4>\t\t\t\t<\/div>\n\t\t\t\t<\/div>\n\t\t\t\t<div class=\"elementor-element elementor-element-225b8485 elementor-widget elementor-widget-text-editor\" data-id=\"225b8485\" data-element_type=\"widget\" data-widget_type=\"text-editor.default\">\n\t\t\t\t<div class=\"elementor-widget-container\">\n\t\t\t\t\t\t\t\t\t<ul><li>Formar a ni\u00f1os-as en los niveles de la educaci\u00f3n inicial, preescolar y b\u00e1sica primaria con principios, valores y competencias que les favorezcan el camino a la excelencia.<\/li><li>Alcanzar los fines de la educaci\u00f3n en Colombia tal como se expresa en los objetivos generales y espec\u00edficos que la Ley General de Educaci\u00f3n se\u00f1ala para cada nivel educativo.<\/li><li>Impartir una formaci\u00f3n integral, guiando al estudiante en el desarrollo de sus procesos cognitivos, socioafectivos, \u00e9ticos y morales para que comprenda la cultura, la vida en sociedad y sean ser lideres de su propio aprendizaje.<\/li><li>Desarrollar proyectos en la ense\u00f1anza del ingl\u00e9s como segunda lengua garantizando el aprendizaje de la misma en nuestros estudiantes.<\/li><li>Generar estilos de vida amigables con el medio ambiente en nuestros ni\u00f1os-as generando competencias propositivas a las problem\u00e1ticas actuales de nuestra regi\u00f3n.<\/li><li>Encaminar a nuestros estudiantes en una educaci\u00f3n basada en el desarrollo del pensamiento cr\u00edtico, pr\u00e1ctico y tecnol\u00f3gico gui\u00e1ndolos as\u00ed a un saber integral en un mundo cambiante. Brind\u00e1ndoles las herramientas necesarias en un contexto global.<\/li><\/ul>\t\t\t\t\t\t\t\t<\/div>\n\t\t\t\t<\/div>\n\t\t\t\t\t<\/div>\n\t\t<\/div>\n\t\t\t\t\t<\/div>\n\t\t<\/section>\n\t\t\t\t<section class=\"elementor-section elementor-top-section elementor-element elementor-element-629ea10f elementor-section-content-middle elementor-section-boxed elementor-section-height-default elementor-section-height-default\" data-id=\"629ea10f\" data-element_type=\"section\" data-settings=\"{&quot;background_background&quot;:&quot;gradient&quot;}\">\n\t\t\t\t\t\t<div class=\"elementor-container elementor-column-gap-no\">\n\t\t\t\t\t<div class=\"elementor-column elementor-col-33 elementor-top-column elementor-element elementor-element-7b155\" data-id=\"7b155\" data-element_type=\"column\">\n\t\t\t<div class=\"elementor-widget-wrap elementor-element-populated\">\n\t\t\t\t\t\t<div class=\"elementor-element elementor-element-18785331 elementor-widget elementor-widget-heading\" data-id=\"18785331\" data-element_type=\"widget\" data-widget_type=\"heading.default\">\n\t\t\t\t<div class=\"elementor-widget-container\">\n\t\t\t\t\t<h3 class=\"elementor-heading-title elementor-size-default\">Equipo de Trabajo <\/h3>\t\t\t\t<\/div>\n\t\t\t\t<\/div>\n\t\t\t\t<div class=\"elementor-element elementor-element-b13a655 elementor-widget elementor-widget-image\" data-id=\"b13a655\" data-element_type=\"widget\" data-widget_type=\"image.default\">\n\t\t\t\t<div class=\"elementor-widget-container\">\n\t\t\t\t\t\t\t\t\t\t\t\t\t\t\t<img decoding=\"async\" width=\"1024\" height=\"768\" src=\"https:\/\/liceosantoangel.edu.co\/wp-content\/uploads\/2023\/07\/primaria-1024x768.jpg\" class=\"attachment-large size-large wp-image-328\" alt=\"\" srcset=\"https:\/\/liceosantoangel.edu.co\/wp-content\/uploads\/2023\/07\/primaria-1024x768.jpg 1024w, https:\/\/liceosantoangel.edu.co\/wp-content\/uploads\/2023\/07\/primaria-300x225.jpg 300w, https:\/\/liceosantoangel.edu.co\/wp-content\/uploads\/2023\/07\/primaria-768x576.jpg 768w, https:\/\/liceosantoangel.edu.co\/wp-content\/uploads\/2023\/07\/primaria-1536x1152.jpg 1536w, https:\/\/liceosantoangel.edu.co\/wp-content\/uploads\/2023\/07\/primaria-2048x1536.jpg 2048w\" sizes=\"(max-width: 1024px) 100vw, 1024px\" \/>\t\t\t\t\t\t\t\t\t\t\t\t\t\t\t<\/div>\n\t\t\t\t<\/div>\n\t\t\t\t\t<\/div>\n\t\t<\/div>\n\t\t\t\t<div class=\"elementor-column elementor-col-33 elementor-top-column elementor-element elementor-element-f4f1b70\" data-id=\"f4f1b70\" data-element_type=\"column\">\n\t\t\t<div class=\"elementor-widget-wrap elementor-element-populated\">\n\t\t\t\t\t\t<div class=\"elementor-element elementor-element-5a01f087 elementor-widget elementor-widget-image\" data-id=\"5a01f087\" data-element_type=\"widget\" data-widget_type=\"image.default\">\n\t\t\t\t<div class=\"elementor-widget-container\">\n\t\t\t\t\t\t\t\t\t\t\t\t\t\t\t<img loading=\"lazy\" decoding=\"async\" width=\"727\" height=\"1024\" src=\"https:\/\/liceosantoangel.edu.co\/wp-content\/uploads\/2023\/06\/P1030589_clipdrop-enhance-scaled-e1687593833826-727x1024.jpg\" class=\"elementor-animation-grow attachment-large size-large wp-image-208\" alt=\"\" srcset=\"https:\/\/liceosantoangel.edu.co\/wp-content\/uploads\/2023\/06\/P1030589_clipdrop-enhance-scaled-e1687593833826-727x1024.jpg 727w, https:\/\/liceosantoangel.edu.co\/wp-content\/uploads\/2023\/06\/P1030589_clipdrop-enhance-scaled-e1687593833826-213x300.jpg 213w, https:\/\/liceosantoangel.edu.co\/wp-content\/uploads\/2023\/06\/P1030589_clipdrop-enhance-scaled-e1687593833826-768x1082.jpg 768w, https:\/\/liceosantoangel.edu.co\/wp-content\/uploads\/2023\/06\/P1030589_clipdrop-enhance-scaled-e1687593833826-1090x1536.jpg 1090w, https:\/\/liceosantoangel.edu.co\/wp-content\/uploads\/2023\/06\/P1030589_clipdrop-enhance-scaled-e1687593833826.jpg 1363w\" sizes=\"(max-width: 727px) 100vw, 727px\" \/>\t\t\t\t\t\t\t\t\t\t\t\t\t\t\t<\/div>\n\t\t\t\t<\/div>\n\t\t\t\t<div class=\"elementor-element elementor-element-69f947b6 elementor-widget elementor-widget-text-editor\" data-id=\"69f947b6\" data-element_type=\"widget\" data-widget_type=\"text-editor.default\">\n\t\t\t\t<div class=\"elementor-widget-container\">\n\t\t\t\t\t\t\t\t\t<p><u>EQUIPO DE TRABAJO FAMILIA SANTO ANGEL <\/u><\/p><p>El LICEO SANTO ANGEL consta de dos \u00e1reas importantes que son: El \u00e1rea acad\u00e9mica y El \u00e1rea administrativa\u00a0 encargadas del funcionamiento total y asertivo para brindar una educaci\u00f3n de calidad a todas nuestras familias.<\/p>\t\t\t\t\t\t\t\t<\/div>\n\t\t\t\t<\/div>\n\t\t\t\t\t<\/div>\n\t\t<\/div>\n\t\t\t\t<div class=\"elementor-column elementor-col-33 elementor-top-column elementor-element elementor-element-77acfb38\" data-id=\"77acfb38\" data-element_type=\"column\">\n\t\t\t<div class=\"elementor-widget-wrap elementor-element-populated\">\n\t\t\t\t\t\t<div class=\"elementor-element elementor-element-44918ca elementor-widget elementor-widget-image\" data-id=\"44918ca\" data-element_type=\"widget\" data-widget_type=\"image.default\">\n\t\t\t\t<div class=\"elementor-widget-container\">\n\t\t\t\t\t\t\t\t\t\t\t\t\t\t\t<img loading=\"lazy\" decoding=\"async\" width=\"1024\" height=\"768\" src=\"https:\/\/liceosantoangel.edu.co\/wp-content\/uploads\/2023\/07\/equi-academico-1024x768.jpg\" class=\"elementor-animation-grow attachment-large size-large wp-image-326\" alt=\"\" srcset=\"https:\/\/liceosantoangel.edu.co\/wp-content\/uploads\/2023\/07\/equi-academico-1024x768.jpg 1024w, https:\/\/liceosantoangel.edu.co\/wp-content\/uploads\/2023\/07\/equi-academico-300x225.jpg 300w, https:\/\/liceosantoangel.edu.co\/wp-content\/uploads\/2023\/07\/equi-academico-768x576.jpg 768w, https:\/\/liceosantoangel.edu.co\/wp-content\/uploads\/2023\/07\/equi-academico-1536x1152.jpg 1536w, https:\/\/liceosantoangel.edu.co\/wp-content\/uploads\/2023\/07\/equi-academico-2048x1536.jpg 2048w\" sizes=\"(max-width: 1024px) 100vw, 1024px\" \/>\t\t\t\t\t\t\t\t\t\t\t\t\t\t\t<\/div>\n\t\t\t\t<\/div>\n\t\t\t\t\t<\/div>\n\t\t<\/div>\n\t\t\t\t\t<\/div>\n\t\t<\/section>\n\t\t\t\t<\/div>\n\t\t","protected":false},"excerpt":{"rendered":"<p>QUIENES SOMOS El LICEO SANTO \u00c1NGEL es una institucion educativa de car\u00e1cter privado, con aprobaci\u00f3n oficial para los niveles de educaci\u00f3n inicial, preescolar y b\u00e1sica primaria calendario A. Tenemos como base la educaci\u00f3n integral de nuestros ni\u00f1os en la ciudad de Sogamoso (Boyac\u00e1); m\u00e1s de trece a\u00f1os de experiencia, desarrollando &nbsp;el aprendizaje a trav\u00e9s de [&hellip;]<\/p>\n","protected":false},"author":1,"featured_media":0,"parent":0,"menu_order":0,"comment_status":"closed","ping_status":"closed","template":"","meta":{"site-sidebar-layout":"no-sidebar","site-content-layout":"page-builder","ast-site-content-layout":"default","site-content-style":"default","site-sidebar-style":"default","ast-global-header-display":"","ast-banner-title-visibility":"","ast-main-header-display":"","ast-hfb-above-header-display":"","ast-hfb-below-header-display":"","ast-hfb-mobile-header-display":"","site-post-title":"disabled","ast-breadcrumbs-content":"","ast-featured-img":"disabled","footer-sml-layout":"","ast-disable-related-posts":"","theme-transparent-header-meta":"","adv-header-id-meta":"","stick-header-meta":"","header-above-stick-meta":"","header-main-stick-meta":"","header-below-stick-meta":"","astra-migrate-meta-layouts":"default","ast-page-background-enabled":"default","ast-page-background-meta":{"desktop":{"background-color":"var(--ast-global-color-4)","background-image":"","background-repeat":"repeat","background-position":"center center","background-size":"auto","background-attachment":"scroll","background-type":"","background-media":"","overlay-type":"","overlay-color":"","overlay-opacity":"","overlay-gradient":""},"tablet":{"background-color":"","background-image":"","background-repeat":"repeat","background-position":"center center","background-size":"auto","background-attachment":"scroll","background-type":"","background-media":"","overlay-type":"","overlay-color":"","overlay-opacity":"","overlay-gradient":""},"mobile":{"background-color":"","background-image":"","background-repeat":"repeat","background-position":"center center","background-size":"auto","background-attachment":"scroll","background-type":"","background-media":"","overlay-type":"","overlay-color":"","overlay-opacity":"","overlay-gradient":""}},"ast-content-background-meta":{"desktop":{"background-color":"var(--ast-global-color-5)","background-image":"","background-repeat":"repeat","background-position":"center center","background-size":"auto","background-attachment":"scroll","background-type":"","background-media":"","overlay-type":"","overlay-color":"","overlay-opacity":"","overlay-gradient":""},"tablet":{"background-color":"var(--ast-global-color-5)","background-image":"","background-repeat":"repeat","background-position":"center center","background-size":"auto","background-attachment":"scroll","background-type":"","background-media":"","overlay-type":"","overlay-color":"","overlay-opacity":"","overlay-gradient":""},"mobile":{"background-color":"var(--ast-global-color-5)","background-image":"","background-repeat":"repeat","background-position":"center center","background-size":"auto","background-attachment":"scroll","background-type":"","background-media":"","overlay-type":"","overlay-color":"","overlay-opacity":"","overlay-gradient":""}},"_joinchat":[],"footnotes":""},"class_list":["post-137","page","type-page","status-publish","hentry"],"_links":{"self":[{"href":"https:\/\/liceosantoangel.edu.co\/index.php\/wp-json\/wp\/v2\/pages\/137","targetHints":{"allow":["GET"]}}],"collection":[{"href":"https:\/\/liceosantoangel.edu.co\/index.php\/wp-json\/wp\/v2\/pages"}],"about":[{"href":"https:\/\/liceosantoangel.edu.co\/index.php\/wp-json\/wp\/v2\/types\/page"}],"author":[{"embeddable":true,"href":"https:\/\/liceosantoangel.edu.co\/index.php\/wp-json\/wp\/v2\/users\/1"}],"replies":[{"embeddable":true,"href":"https:\/\/liceosantoangel.edu.co\/index.php\/wp-json\/wp\/v2\/comments?post=137"}],"version-history":[{"count":13,"href":"https:\/\/liceosantoangel.edu.co\/index.php\/wp-json\/wp\/v2\/pages\/137\/revisions"}],"predecessor-version":[{"id":520,"href":"https:\/\/liceosantoangel.edu.co\/index.php\/wp-json\/wp\/v2\/pages\/137\/revisions\/520"}],"wp:attachment":[{"href":"https:\/\/liceosantoangel.edu.co\/index.php\/wp-json\/wp\/v2\/media?parent=137"}],"curies":[{"name":"wp","href":"https:\/\/api.w.org\/{rel}","templated":true}]}}