{"id":139,"date":"2023-06-24T03:55:53","date_gmt":"2023-06-24T03:55:53","guid":{"rendered":"https:\/\/liceosantoangel.edu.co\/?page_id=139"},"modified":"2023-08-17T14:35:13","modified_gmt":"2023-08-17T14:35:13","slug":"modelo-pedagogico","status":"publish","type":"page","link":"https:\/\/liceosantoangel.edu.co\/index.php\/modelo-pedagogico\/","title":{"rendered":"Modelo Pedag\u00f3gico"},"content":{"rendered":"\t\t<div data-elementor-type=\"wp-page\" data-elementor-id=\"139\" class=\"elementor elementor-139\" data-elementor-post-type=\"page\">\n\t\t\t\t\t\t<section class=\"elementor-section elementor-top-section elementor-element elementor-element-7c2e4194 elementor-section-content-middle elementor-section-boxed elementor-section-height-default elementor-section-height-default\" data-id=\"7c2e4194\" data-element_type=\"section\">\n\t\t\t\t\t\t<div class=\"elementor-container elementor-column-gap-no\">\n\t\t\t\t\t<div class=\"elementor-column elementor-col-100 elementor-top-column elementor-element elementor-element-11573e7e\" data-id=\"11573e7e\" data-element_type=\"column\">\n\t\t\t<div class=\"elementor-widget-wrap elementor-element-populated\">\n\t\t\t\t\t\t<div class=\"elementor-element elementor-element-696e5c62 elementor-widget elementor-widget-heading\" data-id=\"696e5c62\" data-element_type=\"widget\" data-widget_type=\"heading.default\">\n\t\t\t\t<div class=\"elementor-widget-container\">\n\t\t\t\t\t<h3 class=\"elementor-heading-title elementor-size-default\">Nuestra Propuesta Pedag\u00f3gica<\/h3>\t\t\t\t<\/div>\n\t\t\t\t<\/div>\n\t\t\t\t<div class=\"elementor-element elementor-element-5e66cd8c elementor-widget elementor-widget-image\" data-id=\"5e66cd8c\" data-element_type=\"widget\" data-widget_type=\"image.default\">\n\t\t\t\t<div class=\"elementor-widget-container\">\n\t\t\t\t\t\t\t\t\t\t\t\t\t\t\t<img fetchpriority=\"high\" decoding=\"async\" width=\"2560\" height=\"1920\" src=\"https:\/\/liceosantoangel.edu.co\/wp-content\/uploads\/2023\/07\/P1030774_clipdrop-enhance-scaled.jpg\" class=\"attachment-full size-full wp-image-319\" alt=\"\" srcset=\"https:\/\/liceosantoangel.edu.co\/wp-content\/uploads\/2023\/07\/P1030774_clipdrop-enhance-scaled.jpg 2560w, https:\/\/liceosantoangel.edu.co\/wp-content\/uploads\/2023\/07\/P1030774_clipdrop-enhance-300x225.jpg 300w, https:\/\/liceosantoangel.edu.co\/wp-content\/uploads\/2023\/07\/P1030774_clipdrop-enhance-1024x768.jpg 1024w, https:\/\/liceosantoangel.edu.co\/wp-content\/uploads\/2023\/07\/P1030774_clipdrop-enhance-768x576.jpg 768w, https:\/\/liceosantoangel.edu.co\/wp-content\/uploads\/2023\/07\/P1030774_clipdrop-enhance-1536x1152.jpg 1536w, https:\/\/liceosantoangel.edu.co\/wp-content\/uploads\/2023\/07\/P1030774_clipdrop-enhance-2048x1536.jpg 2048w\" sizes=\"(max-width: 2560px) 100vw, 2560px\" \/>\t\t\t\t\t\t\t\t\t\t\t\t\t\t\t<\/div>\n\t\t\t\t<\/div>\n\t\t\t\t<section class=\"elementor-section elementor-inner-section elementor-element elementor-element-48331b25 elementor-section-boxed elementor-section-height-default elementor-section-height-default\" data-id=\"48331b25\" data-element_type=\"section\">\n\t\t\t\t\t\t<div class=\"elementor-container elementor-column-gap-default\">\n\t\t\t\t\t<div class=\"elementor-column elementor-col-50 elementor-inner-column elementor-element elementor-element-2716ff63\" data-id=\"2716ff63\" data-element_type=\"column\">\n\t\t\t<div class=\"elementor-widget-wrap elementor-element-populated\">\n\t\t\t\t\t\t<div class=\"elementor-element elementor-element-7d7a5274 elementor-widget elementor-widget-text-editor\" data-id=\"7d7a5274\" data-element_type=\"widget\" data-widget_type=\"text-editor.default\">\n\t\t\t\t<div class=\"elementor-widget-container\">\n\t\t\t\t\t\t\t\t\t<p><strong>El LICEO SANTO \u00c1NGEL<\/strong> acoge una perspectiva diferente a la de la escuela cl\u00e1sica individualista, descontextualizada, que fragmenta el conocimiento y lo separa del mundo y de las vivencias. Propone, en cambio, un aprendizaje contextualizado, cargado de experiencias, con la participaci\u00f3n activa y entusiasta de los estudiantes y la conexi\u00f3n de estos en la comunidad en donde interact\u00faan.<\/p><p>As\u00ed, los procesos de ense\u00f1anza y aprendizaje tienen como objetivo ayudar al desarrollo de las capacidades, competencias y cualidades humanas que requiere un ciudadano contempor\u00e1neo.<\/p>\t\t\t\t\t\t\t\t<\/div>\n\t\t\t\t<\/div>\n\t\t\t\t\t<\/div>\n\t\t<\/div>\n\t\t\t\t<div class=\"elementor-column elementor-col-50 elementor-inner-column elementor-element elementor-element-2e7c5b71\" data-id=\"2e7c5b71\" data-element_type=\"column\">\n\t\t\t<div class=\"elementor-widget-wrap elementor-element-populated\">\n\t\t\t\t\t\t<div class=\"elementor-element elementor-element-3627e766 elementor-widget elementor-widget-text-editor\" data-id=\"3627e766\" data-element_type=\"widget\" data-widget_type=\"text-editor.default\">\n\t\t\t\t<div class=\"elementor-widget-container\">\n\t\t\t\t\t\t\t\t\t<p>\u00a0Para ello, es fundamental que los estudiantes comprendan el mundo en el que se encuentran desde una postura cr\u00edtica, teniendo en cuenta sus potencialidades, para que contribuyan no solo a su progreso, sino al mejoramiento de su entorno y, por ende, de la sociedad. Implementando el STEM progresivamente en nuestra propuesta educativa donde los estudiantes a trav\u00e9s de la integraci\u00f3n del trabajo en equipo, aprendizaje practico, contenido relevante, resoluci\u00f3n de problemas, investigaciones propias y desarrollo del pensamiento cr\u00edtico logran adaptarse a las nuevas y constantes transformaciones y cambios en el entorno enfoc\u00e1ndolos en un \u00e1mbito cient\u00edfico y tecnol\u00f3gico.<\/p>\t\t\t\t\t\t\t\t<\/div>\n\t\t\t\t<\/div>\n\t\t\t\t\t<\/div>\n\t\t<\/div>\n\t\t\t\t\t<\/div>\n\t\t<\/section>\n\t\t\t\t\t<\/div>\n\t\t<\/div>\n\t\t\t\t\t<\/div>\n\t\t<\/section>\n\t\t\t\t<section class=\"elementor-section elementor-top-section elementor-element elementor-element-d68f4f5 elementor-section-boxed elementor-section-height-default elementor-section-height-default\" data-id=\"d68f4f5\" data-element_type=\"section\">\n\t\t\t\t\t\t<div class=\"elementor-container elementor-column-gap-default\">\n\t\t\t\t\t<div class=\"elementor-column elementor-col-100 elementor-top-column elementor-element elementor-element-eceb8ba\" data-id=\"eceb8ba\" data-element_type=\"column\">\n\t\t\t<div class=\"elementor-widget-wrap elementor-element-populated\">\n\t\t\t\t\t\t<div class=\"elementor-element elementor-element-69358ff elementor-headline--style-highlight elementor-widget elementor-widget-animated-headline\" data-id=\"69358ff\" data-element_type=\"widget\" data-settings=\"{&quot;highlighted_text&quot;:&quot;Ingl\\u00e9s&quot;,&quot;headline_style&quot;:&quot;highlight&quot;,&quot;marker&quot;:&quot;circle&quot;,&quot;loop&quot;:&quot;yes&quot;,&quot;highlight_animation_duration&quot;:1200,&quot;highlight_iteration_delay&quot;:8000}\" data-widget_type=\"animated-headline.default\">\n\t\t\t\t<div class=\"elementor-widget-container\">\n\t\t\t\t\t\t\t<h3 class=\"elementor-headline\">\n\t\t\t\t\t<span class=\"elementor-headline-plain-text elementor-headline-text-wrapper\">\u00c9nfasis en <\/span>\n\t\t\t\t<span class=\"elementor-headline-dynamic-wrapper elementor-headline-text-wrapper\">\n\t\t\t\t\t<span class=\"elementor-headline-dynamic-text elementor-headline-text-active\">Ingl\u00e9s<\/span>\n\t\t\t\t<\/span>\n\t\t\t\t<\/h3>\n\t\t\t\t\t\t<\/div>\n\t\t\t\t<\/div>\n\t\t\t\t<div class=\"elementor-element elementor-element-18de01f elementor-widget elementor-widget-image\" data-id=\"18de01f\" data-element_type=\"widget\" data-widget_type=\"image.default\">\n\t\t\t\t<div class=\"elementor-widget-container\">\n\t\t\t\t\t\t\t\t\t\t\t\t\t\t\t<img decoding=\"async\" width=\"1024\" height=\"571\" src=\"https:\/\/liceosantoangel.edu.co\/wp-content\/uploads\/2023\/06\/pexels-pixabay-256417-1024x571.jpg\" class=\"attachment-large size-large wp-image-217\" alt=\"\" srcset=\"https:\/\/liceosantoangel.edu.co\/wp-content\/uploads\/2023\/06\/pexels-pixabay-256417-1024x571.jpg 1024w, https:\/\/liceosantoangel.edu.co\/wp-content\/uploads\/2023\/06\/pexels-pixabay-256417-300x167.jpg 300w, https:\/\/liceosantoangel.edu.co\/wp-content\/uploads\/2023\/06\/pexels-pixabay-256417-768x428.jpg 768w, https:\/\/liceosantoangel.edu.co\/wp-content\/uploads\/2023\/06\/pexels-pixabay-256417-1536x856.jpg 1536w, https:\/\/liceosantoangel.edu.co\/wp-content\/uploads\/2023\/06\/pexels-pixabay-256417-2048x1141.jpg 2048w\" sizes=\"(max-width: 1024px) 100vw, 1024px\" \/>\t\t\t\t\t\t\t\t\t\t\t\t\t\t\t<\/div>\n\t\t\t\t<\/div>\n\t\t\t\t<div class=\"elementor-element elementor-element-b0f0a77 elementor-widget elementor-widget-text-editor\" data-id=\"b0f0a77\" data-element_type=\"widget\" data-widget_type=\"text-editor.default\">\n\t\t\t\t<div class=\"elementor-widget-container\">\n\t\t\t\t\t\t\t\t\t<p>La necesidad de adaptarse a las nuevas y constantes transformaciones y cambios en el entorno nos exigen el desarrollo de habilidades ling\u00fc\u00edsticas cada vez mas exigentes, con el fin de enfrentar los retos de un mundo enmarcado en la globalizaci\u00f3n y la multiculturalidad. Por lo tanto, el uso de otro idioma diferente a la lengua materna es visto como una necesidad cultural. Es por esto que en el LICEO SANTO ANGEL trabajamos desde la educaci\u00f3n inicial utilizando el m\u00e9todo TPR (Total Physical Response) que se trata de un conjunto de m\u00e9todos para colaborar en el aprendizaje del lenguaje combinando las habilidades verbales y motrices. Pasando por la educaci\u00f3n preescolar con un fluido ingl\u00e9s verbal y luego tomando el m\u00e9todo Doman profundizado en la lecto-escritura, en la educaci\u00f3n de b\u00e1sica primaria.<\/p>\t\t\t\t\t\t\t\t<\/div>\n\t\t\t\t<\/div>\n\t\t\t\t\t<\/div>\n\t\t<\/div>\n\t\t\t\t\t<\/div>\n\t\t<\/section>\n\t\t\t\t<section class=\"elementor-section elementor-top-section elementor-element elementor-element-51020e0 elementor-section-boxed elementor-section-height-default elementor-section-height-default\" data-id=\"51020e0\" data-element_type=\"section\">\n\t\t\t\t\t\t<div class=\"elementor-container elementor-column-gap-default\">\n\t\t\t\t\t<div class=\"elementor-column elementor-col-33 elementor-top-column elementor-element elementor-element-2d8cc35\" data-id=\"2d8cc35\" data-element_type=\"column\">\n\t\t\t<div class=\"elementor-widget-wrap elementor-element-populated\">\n\t\t\t\t\t\t<div class=\"elementor-element elementor-element-3251644 elementor-widget elementor-widget-image\" data-id=\"3251644\" data-element_type=\"widget\" data-widget_type=\"image.default\">\n\t\t\t\t<div class=\"elementor-widget-container\">\n\t\t\t\t\t\t\t\t\t\t\t\t\t\t\t<img decoding=\"async\" width=\"1024\" height=\"768\" src=\"https:\/\/liceosantoangel.edu.co\/wp-content\/uploads\/2023\/06\/P1030725_clipdrop-enhance-1024x768.jpg\" class=\"attachment-large size-large wp-image-304\" alt=\"\" srcset=\"https:\/\/liceosantoangel.edu.co\/wp-content\/uploads\/2023\/06\/P1030725_clipdrop-enhance-1024x768.jpg 1024w, https:\/\/liceosantoangel.edu.co\/wp-content\/uploads\/2023\/06\/P1030725_clipdrop-enhance-300x225.jpg 300w, https:\/\/liceosantoangel.edu.co\/wp-content\/uploads\/2023\/06\/P1030725_clipdrop-enhance-768x576.jpg 768w, https:\/\/liceosantoangel.edu.co\/wp-content\/uploads\/2023\/06\/P1030725_clipdrop-enhance-1536x1152.jpg 1536w, https:\/\/liceosantoangel.edu.co\/wp-content\/uploads\/2023\/06\/P1030725_clipdrop-enhance-2048x1536.jpg 2048w\" sizes=\"(max-width: 1024px) 100vw, 1024px\" \/>\t\t\t\t\t\t\t\t\t\t\t\t\t\t\t<\/div>\n\t\t\t\t<\/div>\n\t\t\t\t\t<\/div>\n\t\t<\/div>\n\t\t\t\t<div class=\"elementor-column elementor-col-33 elementor-top-column elementor-element elementor-element-589c77d\" data-id=\"589c77d\" data-element_type=\"column\">\n\t\t\t<div class=\"elementor-widget-wrap elementor-element-populated\">\n\t\t\t\t\t\t<div class=\"elementor-element elementor-element-54f9a5c elementor-widget elementor-widget-image\" data-id=\"54f9a5c\" data-element_type=\"widget\" data-widget_type=\"image.default\">\n\t\t\t\t<div class=\"elementor-widget-container\">\n\t\t\t\t\t\t\t\t\t\t\t\t\t\t\t<img loading=\"lazy\" decoding=\"async\" width=\"1024\" height=\"768\" src=\"https:\/\/liceosantoangel.edu.co\/wp-content\/uploads\/2023\/06\/P1030803_clipdrop-enhance-1024x768.jpg\" class=\"attachment-large size-large wp-image-219\" alt=\"\" srcset=\"https:\/\/liceosantoangel.edu.co\/wp-content\/uploads\/2023\/06\/P1030803_clipdrop-enhance-1024x768.jpg 1024w, https:\/\/liceosantoangel.edu.co\/wp-content\/uploads\/2023\/06\/P1030803_clipdrop-enhance-300x225.jpg 300w, https:\/\/liceosantoangel.edu.co\/wp-content\/uploads\/2023\/06\/P1030803_clipdrop-enhance-768x576.jpg 768w, https:\/\/liceosantoangel.edu.co\/wp-content\/uploads\/2023\/06\/P1030803_clipdrop-enhance-1536x1152.jpg 1536w, https:\/\/liceosantoangel.edu.co\/wp-content\/uploads\/2023\/06\/P1030803_clipdrop-enhance-2048x1536.jpg 2048w\" sizes=\"(max-width: 1024px) 100vw, 1024px\" \/>\t\t\t\t\t\t\t\t\t\t\t\t\t\t\t<\/div>\n\t\t\t\t<\/div>\n\t\t\t\t\t<\/div>\n\t\t<\/div>\n\t\t\t\t<div class=\"elementor-column elementor-col-33 elementor-top-column elementor-element elementor-element-0ffa702\" data-id=\"0ffa702\" data-element_type=\"column\">\n\t\t\t<div class=\"elementor-widget-wrap elementor-element-populated\">\n\t\t\t\t\t\t<div class=\"elementor-element elementor-element-880d838 elementor-widget elementor-widget-image\" data-id=\"880d838\" data-element_type=\"widget\" data-widget_type=\"image.default\">\n\t\t\t\t<div class=\"elementor-widget-container\">\n\t\t\t\t\t\t\t\t\t\t\t\t\t\t\t<img loading=\"lazy\" decoding=\"async\" width=\"1024\" height=\"768\" src=\"https:\/\/liceosantoangel.edu.co\/wp-content\/uploads\/2023\/06\/IMG_20190322_102401-1024x768.jpg\" class=\"attachment-large size-large wp-image-220\" alt=\"\" srcset=\"https:\/\/liceosantoangel.edu.co\/wp-content\/uploads\/2023\/06\/IMG_20190322_102401-1024x768.jpg 1024w, https:\/\/liceosantoangel.edu.co\/wp-content\/uploads\/2023\/06\/IMG_20190322_102401-300x225.jpg 300w, https:\/\/liceosantoangel.edu.co\/wp-content\/uploads\/2023\/06\/IMG_20190322_102401-768x576.jpg 768w, https:\/\/liceosantoangel.edu.co\/wp-content\/uploads\/2023\/06\/IMG_20190322_102401-1536x1152.jpg 1536w, https:\/\/liceosantoangel.edu.co\/wp-content\/uploads\/2023\/06\/IMG_20190322_102401-2048x1536.jpg 2048w\" sizes=\"(max-width: 1024px) 100vw, 1024px\" \/>\t\t\t\t\t\t\t\t\t\t\t\t\t\t\t<\/div>\n\t\t\t\t<\/div>\n\t\t\t\t\t<\/div>\n\t\t<\/div>\n\t\t\t\t\t<\/div>\n\t\t<\/section>\n\t\t\t\t<\/div>\n\t\t","protected":false},"excerpt":{"rendered":"<p>Nuestra Propuesta Pedag\u00f3gica El LICEO SANTO \u00c1NGEL acoge una perspectiva diferente a la de la escuela cl\u00e1sica individualista, descontextualizada, que fragmenta el conocimiento y lo separa del mundo y de las vivencias. Propone, en cambio, un aprendizaje contextualizado, cargado de experiencias, con la participaci\u00f3n activa y entusiasta de los estudiantes y la conexi\u00f3n de estos [&hellip;]<\/p>\n","protected":false},"author":1,"featured_media":0,"parent":0,"menu_order":0,"comment_status":"closed","ping_status":"closed","template":"","meta":{"site-sidebar-layout":"no-sidebar","site-content-layout":"page-builder","ast-site-content-layout":"default","site-content-style":"default","site-sidebar-style":"default","ast-global-header-display":"","ast-banner-title-visibility":"","ast-main-header-display":"","ast-hfb-above-header-display":"","ast-hfb-below-header-display":"","ast-hfb-mobile-header-display":"","site-post-title":"disabled","ast-breadcrumbs-content":"","ast-featured-img":"disabled","footer-sml-layout":"","ast-disable-related-posts":"","theme-transparent-header-meta":"","adv-header-id-meta":"","stick-header-meta":"","header-above-stick-meta":"","header-main-stick-meta":"","header-below-stick-meta":"","astra-migrate-meta-layouts":"default","ast-page-background-enabled":"default","ast-page-background-meta":{"desktop":{"background-color":"var(--ast-global-color-4)","background-image":"","background-repeat":"repeat","background-position":"center center","background-size":"auto","background-attachment":"scroll","background-type":"","background-media":"","overlay-type":"","overlay-color":"","overlay-opacity":"","overlay-gradient":""},"tablet":{"background-color":"","background-image":"","background-repeat":"repeat","background-position":"center center","background-size":"auto","background-attachment":"scroll","background-type":"","background-media":"","overlay-type":"","overlay-color":"","overlay-opacity":"","overlay-gradient":""},"mobile":{"background-color":"","background-image":"","background-repeat":"repeat","background-position":"center center","background-size":"auto","background-attachment":"scroll","background-type":"","background-media":"","overlay-type":"","overlay-color":"","overlay-opacity":"","overlay-gradient":""}},"ast-content-background-meta":{"desktop":{"background-color":"var(--ast-global-color-5)","background-image":"","background-repeat":"repeat","background-position":"center center","background-size":"auto","background-attachment":"scroll","background-type":"","background-media":"","overlay-type":"","overlay-color":"","overlay-opacity":"","overlay-gradient":""},"tablet":{"background-color":"var(--ast-global-color-5)","background-image":"","background-repeat":"repeat","background-position":"center center","background-size":"auto","background-attachment":"scroll","background-type":"","background-media":"","overlay-type":"","overlay-color":"","overlay-opacity":"","overlay-gradient":""},"mobile":{"background-color":"var(--ast-global-color-5)","background-image":"","background-repeat":"repeat","background-position":"center center","background-size":"auto","background-attachment":"scroll","background-type":"","background-media":"","overlay-type":"","overlay-color":"","overlay-opacity":"","overlay-gradient":""}},"_joinchat":[],"footnotes":""},"class_list":["post-139","page","type-page","status-publish","hentry"],"_links":{"self":[{"href":"https:\/\/liceosantoangel.edu.co\/index.php\/wp-json\/wp\/v2\/pages\/139","targetHints":{"allow":["GET"]}}],"collection":[{"href":"https:\/\/liceosantoangel.edu.co\/index.php\/wp-json\/wp\/v2\/pages"}],"about":[{"href":"https:\/\/liceosantoangel.edu.co\/index.php\/wp-json\/wp\/v2\/types\/page"}],"author":[{"embeddable":true,"href":"https:\/\/liceosantoangel.edu.co\/index.php\/wp-json\/wp\/v2\/users\/1"}],"replies":[{"embeddable":true,"href":"https:\/\/liceosantoangel.edu.co\/index.php\/wp-json\/wp\/v2\/comments?post=139"}],"version-history":[{"count":19,"href":"https:\/\/liceosantoangel.edu.co\/index.php\/wp-json\/wp\/v2\/pages\/139\/revisions"}],"predecessor-version":[{"id":526,"href":"https:\/\/liceosantoangel.edu.co\/index.php\/wp-json\/wp\/v2\/pages\/139\/revisions\/526"}],"wp:attachment":[{"href":"https:\/\/liceosantoangel.edu.co\/index.php\/wp-json\/wp\/v2\/media?parent=139"}],"curies":[{"name":"wp","href":"https:\/\/api.w.org\/{rel}","templated":true}]}}