{"id":143,"date":"2023-06-24T03:57:27","date_gmt":"2023-06-24T03:57:27","guid":{"rendered":"https:\/\/liceosantoangel.edu.co\/?page_id=143"},"modified":"2023-08-17T14:47:05","modified_gmt":"2023-08-17T14:47:05","slug":"servicios","status":"publish","type":"page","link":"https:\/\/liceosantoangel.edu.co\/index.php\/servicios\/","title":{"rendered":"Servicios"},"content":{"rendered":"\t\t<div data-elementor-type=\"wp-page\" data-elementor-id=\"143\" class=\"elementor elementor-143\" data-elementor-post-type=\"page\">\n\t\t\t\t\t\t<section class=\"elementor-section elementor-top-section elementor-element elementor-element-318289a elementor-section-content-middle elementor-section-boxed elementor-section-height-default elementor-section-height-default\" data-id=\"318289a\" data-element_type=\"section\" data-settings=\"{&quot;background_background&quot;:&quot;classic&quot;}\">\n\t\t\t\t\t\t\t<div class=\"elementor-background-overlay\"><\/div>\n\t\t\t\t\t\t\t<div class=\"elementor-container elementor-column-gap-no\">\n\t\t\t\t\t<div class=\"elementor-column elementor-col-100 elementor-top-column elementor-element elementor-element-7e5ed24a\" data-id=\"7e5ed24a\" data-element_type=\"column\">\n\t\t\t<div class=\"elementor-widget-wrap elementor-element-populated\">\n\t\t\t\t\t\t<div class=\"elementor-element elementor-element-2753ec15 elementor-widget elementor-widget-heading\" data-id=\"2753ec15\" data-element_type=\"widget\" data-widget_type=\"heading.default\">\n\t\t\t\t<div class=\"elementor-widget-container\">\n\t\t\t\t\t<h4 class=\"elementor-heading-title elementor-size-default\">Restaurante<\/h4>\t\t\t\t<\/div>\n\t\t\t\t<\/div>\n\t\t\t\t\t<\/div>\n\t\t<\/div>\n\t\t\t\t\t<\/div>\n\t\t<\/section>\n\t\t\t\t<section class=\"elementor-section elementor-top-section elementor-element elementor-element-725b9e09 elementor-section-content-middle elementor-section-boxed elementor-section-height-default elementor-section-height-default\" data-id=\"725b9e09\" data-element_type=\"section\" data-settings=\"{&quot;background_background&quot;:&quot;classic&quot;}\">\n\t\t\t\t\t\t<div class=\"elementor-container elementor-column-gap-no\">\n\t\t\t\t\t<div class=\"elementor-column elementor-col-33 elementor-top-column elementor-element elementor-element-350c5918\" data-id=\"350c5918\" data-element_type=\"column\">\n\t\t\t<div class=\"elementor-widget-wrap elementor-element-populated\">\n\t\t\t\t\t\t<div class=\"elementor-element elementor-element-6d3c16b9 elementor-widget elementor-widget-text-editor\" data-id=\"6d3c16b9\" data-element_type=\"widget\" data-widget_type=\"text-editor.default\">\n\t\t\t\t<div class=\"elementor-widget-container\">\n\t\t\t\t\t\t\t\t\t<p>Atendiendo las necesidades de los padres, y la alta demanda de alumnos que deben permanecer todo el d\u00eda en el colegio con una jornada extendida. El LICEO SANTO ANGEL ofrece servicio de restaurante,\u00a0 brindamos onces y almuerzos de excelente calidad a los alumnos. Enviando semanalmente a los padres la minuta para su conocimiento, esta fue dise\u00f1ada por una nutricionista; \u00a0se puede tomar el servicio de manera permanente u ocasional.<\/p>\t\t\t\t\t\t\t\t<\/div>\n\t\t\t\t<\/div>\n\t\t\t\t\t<\/div>\n\t\t<\/div>\n\t\t\t\t<div class=\"elementor-column elementor-col-33 elementor-top-column elementor-element elementor-element-4329672f\" data-id=\"4329672f\" data-element_type=\"column\">\n\t\t\t<div class=\"elementor-widget-wrap elementor-element-populated\">\n\t\t\t\t\t\t<div class=\"elementor-element elementor-element-6a261278 elementor-widget elementor-widget-image\" data-id=\"6a261278\" data-element_type=\"widget\" data-widget_type=\"image.default\">\n\t\t\t\t<div class=\"elementor-widget-container\">\n\t\t\t\t\t\t\t\t\t\t\t\t\t\t\t<img fetchpriority=\"high\" decoding=\"async\" width=\"1024\" height=\"768\" src=\"https:\/\/liceosantoangel.edu.co\/wp-content\/uploads\/2023\/06\/P1030892_clipdrop-enhance-1-1024x768.jpg\" class=\"elementor-animation-grow attachment-large size-large wp-image-286\" alt=\"\" srcset=\"https:\/\/liceosantoangel.edu.co\/wp-content\/uploads\/2023\/06\/P1030892_clipdrop-enhance-1-1024x768.jpg 1024w, https:\/\/liceosantoangel.edu.co\/wp-content\/uploads\/2023\/06\/P1030892_clipdrop-enhance-1-300x225.jpg 300w, https:\/\/liceosantoangel.edu.co\/wp-content\/uploads\/2023\/06\/P1030892_clipdrop-enhance-1-768x576.jpg 768w, https:\/\/liceosantoangel.edu.co\/wp-content\/uploads\/2023\/06\/P1030892_clipdrop-enhance-1-1536x1152.jpg 1536w, https:\/\/liceosantoangel.edu.co\/wp-content\/uploads\/2023\/06\/P1030892_clipdrop-enhance-1-2048x1536.jpg 2048w\" sizes=\"(max-width: 1024px) 100vw, 1024px\" \/>\t\t\t\t\t\t\t\t\t\t\t\t\t\t\t<\/div>\n\t\t\t\t<\/div>\n\t\t\t\t\t<\/div>\n\t\t<\/div>\n\t\t\t\t<div class=\"elementor-column elementor-col-33 elementor-top-column elementor-element elementor-element-456be39a\" data-id=\"456be39a\" data-element_type=\"column\">\n\t\t\t<div class=\"elementor-widget-wrap elementor-element-populated\">\n\t\t\t\t\t\t<div class=\"elementor-element elementor-element-77d61607 elementor-widget elementor-widget-image\" data-id=\"77d61607\" data-element_type=\"widget\" data-widget_type=\"image.default\">\n\t\t\t\t<div class=\"elementor-widget-container\">\n\t\t\t\t\t\t\t\t\t\t\t\t\t\t\t<img decoding=\"async\" width=\"2560\" height=\"1920\" src=\"https:\/\/liceosantoangel.edu.co\/wp-content\/uploads\/2023\/06\/P1030885_clipdrop-enhance-scaled.jpg\" class=\"elementor-animation-grow attachment-full size-full wp-image-285\" alt=\"\" srcset=\"https:\/\/liceosantoangel.edu.co\/wp-content\/uploads\/2023\/06\/P1030885_clipdrop-enhance-scaled.jpg 2560w, https:\/\/liceosantoangel.edu.co\/wp-content\/uploads\/2023\/06\/P1030885_clipdrop-enhance-300x225.jpg 300w, https:\/\/liceosantoangel.edu.co\/wp-content\/uploads\/2023\/06\/P1030885_clipdrop-enhance-1024x768.jpg 1024w, https:\/\/liceosantoangel.edu.co\/wp-content\/uploads\/2023\/06\/P1030885_clipdrop-enhance-768x576.jpg 768w, https:\/\/liceosantoangel.edu.co\/wp-content\/uploads\/2023\/06\/P1030885_clipdrop-enhance-1536x1152.jpg 1536w, https:\/\/liceosantoangel.edu.co\/wp-content\/uploads\/2023\/06\/P1030885_clipdrop-enhance-2048x1536.jpg 2048w\" sizes=\"(max-width: 2560px) 100vw, 2560px\" \/>\t\t\t\t\t\t\t\t\t\t\t\t\t\t\t<\/div>\n\t\t\t\t<\/div>\n\t\t\t\t\t<\/div>\n\t\t<\/div>\n\t\t\t\t\t<\/div>\n\t\t<\/section>\n\t\t\t\t<section class=\"elementor-section elementor-top-section elementor-element elementor-element-d1eec7e elementor-section-content-middle elementor-section-boxed elementor-section-height-default elementor-section-height-default\" data-id=\"d1eec7e\" data-element_type=\"section\" data-settings=\"{&quot;background_background&quot;:&quot;classic&quot;}\">\n\t\t\t\t\t\t\t<div class=\"elementor-background-overlay\"><\/div>\n\t\t\t\t\t\t\t<div class=\"elementor-container elementor-column-gap-no\">\n\t\t\t\t\t<div class=\"elementor-column elementor-col-100 elementor-top-column elementor-element elementor-element-8f2826a\" data-id=\"8f2826a\" data-element_type=\"column\">\n\t\t\t<div class=\"elementor-widget-wrap elementor-element-populated\">\n\t\t\t\t\t\t<div class=\"elementor-element elementor-element-fcc20d4 elementor-widget elementor-widget-heading\" data-id=\"fcc20d4\" data-element_type=\"widget\" data-widget_type=\"heading.default\">\n\t\t\t\t<div class=\"elementor-widget-container\">\n\t\t\t\t\t<h4 class=\"elementor-heading-title elementor-size-default\">Granja <\/h4>\t\t\t\t<\/div>\n\t\t\t\t<\/div>\n\t\t\t\t\t<\/div>\n\t\t<\/div>\n\t\t\t\t\t<\/div>\n\t\t<\/section>\n\t\t\t\t<section class=\"elementor-section elementor-top-section elementor-element elementor-element-8c80567 elementor-section-boxed elementor-section-height-default elementor-section-height-default\" data-id=\"8c80567\" data-element_type=\"section\" data-settings=\"{&quot;background_background&quot;:&quot;gradient&quot;}\">\n\t\t\t\t\t\t<div class=\"elementor-container elementor-column-gap-default\">\n\t\t\t\t\t<div class=\"elementor-column elementor-col-100 elementor-top-column elementor-element elementor-element-22a2b32\" data-id=\"22a2b32\" data-element_type=\"column\">\n\t\t\t<div class=\"elementor-widget-wrap elementor-element-populated\">\n\t\t\t\t\t\t<div class=\"elementor-element elementor-element-a2103e7 elementor-widget elementor-widget-text-editor\" data-id=\"a2103e7\" data-element_type=\"widget\" data-widget_type=\"text-editor.default\">\n\t\t\t\t<div class=\"elementor-widget-container\">\n\t\t\t\t\t\t\t\t\t<p>Nuestro colegio cuenta con una hermosa finca ubicada en el municipio de Tibasosa, donde realizamos actividades a campo abierto y desarrollamos nuestro proyecto de granja, ecolog\u00eda y medio ambiente. Los alumnos tienen la oportunidad de acercarse al campo en un ambiente privado, seguro, saludable y organizado para que ellos disfruten esta experiencia natural.<\/p>\n<p><br><\/p>\t\t\t\t\t\t\t\t<\/div>\n\t\t\t\t<\/div>\n\t\t\t\t\t<\/div>\n\t\t<\/div>\n\t\t\t\t\t<\/div>\n\t\t<\/section>\n\t\t\t\t<section class=\"elementor-section elementor-top-section elementor-element elementor-element-2a663f0e elementor-section-content-middle elementor-section-boxed elementor-section-height-default elementor-section-height-default\" data-id=\"2a663f0e\" data-element_type=\"section\" data-settings=\"{&quot;background_background&quot;:&quot;gradient&quot;}\">\n\t\t\t\t\t\t<div class=\"elementor-container elementor-column-gap-no\">\n\t\t\t\t\t<div class=\"elementor-column elementor-col-33 elementor-top-column elementor-element elementor-element-55d46fc4\" data-id=\"55d46fc4\" data-element_type=\"column\">\n\t\t\t<div class=\"elementor-widget-wrap elementor-element-populated\">\n\t\t\t\t\t\t<div class=\"elementor-element elementor-element-19efb72e elementor-widget elementor-widget-image\" data-id=\"19efb72e\" data-element_type=\"widget\" data-widget_type=\"image.default\">\n\t\t\t\t<div class=\"elementor-widget-container\">\n\t\t\t\t\t\t\t\t\t\t\t\t\t\t\t<img decoding=\"async\" width=\"1024\" height=\"768\" src=\"https:\/\/liceosantoangel.edu.co\/wp-content\/uploads\/2023\/06\/P1030725_clipdrop-enhance-1024x768.jpg\" class=\"elementor-animation-grow attachment-large size-large wp-image-304\" alt=\"\" srcset=\"https:\/\/liceosantoangel.edu.co\/wp-content\/uploads\/2023\/06\/P1030725_clipdrop-enhance-1024x768.jpg 1024w, https:\/\/liceosantoangel.edu.co\/wp-content\/uploads\/2023\/06\/P1030725_clipdrop-enhance-300x225.jpg 300w, https:\/\/liceosantoangel.edu.co\/wp-content\/uploads\/2023\/06\/P1030725_clipdrop-enhance-768x576.jpg 768w, https:\/\/liceosantoangel.edu.co\/wp-content\/uploads\/2023\/06\/P1030725_clipdrop-enhance-1536x1152.jpg 1536w, https:\/\/liceosantoangel.edu.co\/wp-content\/uploads\/2023\/06\/P1030725_clipdrop-enhance-2048x1536.jpg 2048w\" sizes=\"(max-width: 1024px) 100vw, 1024px\" \/>\t\t\t\t\t\t\t\t\t\t\t\t\t\t\t<\/div>\n\t\t\t\t<\/div>\n\t\t\t\t\t<\/div>\n\t\t<\/div>\n\t\t\t\t<div class=\"elementor-column elementor-col-33 elementor-top-column elementor-element elementor-element-4f774415\" data-id=\"4f774415\" data-element_type=\"column\">\n\t\t\t<div class=\"elementor-widget-wrap elementor-element-populated\">\n\t\t\t\t\t\t<div class=\"elementor-element elementor-element-3e61a206 elementor-widget elementor-widget-image\" data-id=\"3e61a206\" data-element_type=\"widget\" data-widget_type=\"image.default\">\n\t\t\t\t<div class=\"elementor-widget-container\">\n\t\t\t\t\t\t\t\t\t\t\t\t\t\t\t<img loading=\"lazy\" decoding=\"async\" width=\"1024\" height=\"768\" src=\"https:\/\/liceosantoangel.edu.co\/wp-content\/uploads\/2023\/06\/P1030667_clipdrop-enhance-1024x768.jpg\" class=\"elementor-animation-grow attachment-large size-large wp-image-295\" alt=\"\" srcset=\"https:\/\/liceosantoangel.edu.co\/wp-content\/uploads\/2023\/06\/P1030667_clipdrop-enhance-1024x768.jpg 1024w, https:\/\/liceosantoangel.edu.co\/wp-content\/uploads\/2023\/06\/P1030667_clipdrop-enhance-300x225.jpg 300w, https:\/\/liceosantoangel.edu.co\/wp-content\/uploads\/2023\/06\/P1030667_clipdrop-enhance-768x576.jpg 768w, https:\/\/liceosantoangel.edu.co\/wp-content\/uploads\/2023\/06\/P1030667_clipdrop-enhance-1536x1152.jpg 1536w, https:\/\/liceosantoangel.edu.co\/wp-content\/uploads\/2023\/06\/P1030667_clipdrop-enhance-2048x1536.jpg 2048w\" sizes=\"(max-width: 1024px) 100vw, 1024px\" \/>\t\t\t\t\t\t\t\t\t\t\t\t\t\t\t<\/div>\n\t\t\t\t<\/div>\n\t\t\t\t\t<\/div>\n\t\t<\/div>\n\t\t\t\t<div class=\"elementor-column elementor-col-33 elementor-top-column elementor-element elementor-element-2ee91f4e\" data-id=\"2ee91f4e\" data-element_type=\"column\">\n\t\t\t<div class=\"elementor-widget-wrap elementor-element-populated\">\n\t\t\t\t\t\t<div class=\"elementor-element elementor-element-26a1e1e8 elementor-widget elementor-widget-image\" data-id=\"26a1e1e8\" data-element_type=\"widget\" data-widget_type=\"image.default\">\n\t\t\t\t<div class=\"elementor-widget-container\">\n\t\t\t\t\t\t\t\t\t\t\t\t\t\t\t<img loading=\"lazy\" decoding=\"async\" width=\"2560\" height=\"1920\" src=\"https:\/\/liceosantoangel.edu.co\/wp-content\/uploads\/2023\/06\/P1030673_clipdrop-enhance-scaled.jpg\" class=\"elementor-animation-grow attachment-full size-full wp-image-298\" alt=\"\" srcset=\"https:\/\/liceosantoangel.edu.co\/wp-content\/uploads\/2023\/06\/P1030673_clipdrop-enhance-scaled.jpg 2560w, https:\/\/liceosantoangel.edu.co\/wp-content\/uploads\/2023\/06\/P1030673_clipdrop-enhance-300x225.jpg 300w, https:\/\/liceosantoangel.edu.co\/wp-content\/uploads\/2023\/06\/P1030673_clipdrop-enhance-1024x768.jpg 1024w, https:\/\/liceosantoangel.edu.co\/wp-content\/uploads\/2023\/06\/P1030673_clipdrop-enhance-768x576.jpg 768w, https:\/\/liceosantoangel.edu.co\/wp-content\/uploads\/2023\/06\/P1030673_clipdrop-enhance-1536x1152.jpg 1536w, https:\/\/liceosantoangel.edu.co\/wp-content\/uploads\/2023\/06\/P1030673_clipdrop-enhance-2048x1536.jpg 2048w\" sizes=\"(max-width: 2560px) 100vw, 2560px\" \/>\t\t\t\t\t\t\t\t\t\t\t\t\t\t\t<\/div>\n\t\t\t\t<\/div>\n\t\t\t\t\t<\/div>\n\t\t<\/div>\n\t\t\t\t\t<\/div>\n\t\t<\/section>\n\t\t\t\t<section class=\"elementor-section elementor-top-section elementor-element elementor-element-36800c7 elementor-section-content-middle elementor-section-boxed elementor-section-height-default elementor-section-height-default\" data-id=\"36800c7\" data-element_type=\"section\" data-settings=\"{&quot;background_background&quot;:&quot;classic&quot;}\">\n\t\t\t\t\t\t\t<div class=\"elementor-background-overlay\"><\/div>\n\t\t\t\t\t\t\t<div class=\"elementor-container elementor-column-gap-no\">\n\t\t\t\t\t<div class=\"elementor-column elementor-col-100 elementor-top-column elementor-element elementor-element-593c68d\" data-id=\"593c68d\" data-element_type=\"column\">\n\t\t\t<div class=\"elementor-widget-wrap elementor-element-populated\">\n\t\t\t\t\t\t<div class=\"elementor-element elementor-element-1ba6192 elementor-widget elementor-widget-image\" data-id=\"1ba6192\" data-element_type=\"widget\" data-widget_type=\"image.default\">\n\t\t\t\t<div class=\"elementor-widget-container\">\n\t\t\t\t\t\t\t\t\t\t\t\t\t\t\t<img loading=\"lazy\" decoding=\"async\" width=\"1024\" height=\"683\" src=\"https:\/\/liceosantoangel.edu.co\/wp-content\/uploads\/2023\/06\/pexels-alexander-dummer-1364073-1024x683.jpg\" class=\"attachment-large size-large wp-image-308\" alt=\"\" srcset=\"https:\/\/liceosantoangel.edu.co\/wp-content\/uploads\/2023\/06\/pexels-alexander-dummer-1364073-1024x683.jpg 1024w, https:\/\/liceosantoangel.edu.co\/wp-content\/uploads\/2023\/06\/pexels-alexander-dummer-1364073-300x200.jpg 300w, https:\/\/liceosantoangel.edu.co\/wp-content\/uploads\/2023\/06\/pexels-alexander-dummer-1364073-768x512.jpg 768w, https:\/\/liceosantoangel.edu.co\/wp-content\/uploads\/2023\/06\/pexels-alexander-dummer-1364073-1536x1025.jpg 1536w, https:\/\/liceosantoangel.edu.co\/wp-content\/uploads\/2023\/06\/pexels-alexander-dummer-1364073-2048x1366.jpg 2048w\" sizes=\"(max-width: 1024px) 100vw, 1024px\" \/>\t\t\t\t\t\t\t\t\t\t\t\t\t\t\t<\/div>\n\t\t\t\t<\/div>\n\t\t\t\t<div class=\"elementor-element elementor-element-afa3218 elementor-widget elementor-widget-heading\" data-id=\"afa3218\" data-element_type=\"widget\" data-widget_type=\"heading.default\">\n\t\t\t\t<div class=\"elementor-widget-container\">\n\t\t\t\t\t<h4 class=\"elementor-heading-title elementor-size-default\">L\u00fadicas<\/h4>\t\t\t\t<\/div>\n\t\t\t\t<\/div>\n\t\t\t\t<div class=\"elementor-element elementor-element-cc2507d elementor-widget elementor-widget-text-editor\" data-id=\"cc2507d\" data-element_type=\"widget\" data-widget_type=\"text-editor.default\">\n\t\t\t\t<div class=\"elementor-widget-container\">\n\t\t\t\t\t\t\t\t\t<p>En la formaci\u00f3n integral de nuestros estudiantes, ofrecemos cinco opciones art\u00edsticas y deportivas a los ni\u00f1os-as desde grado prejard\u00edn. Como son : EQUITACION, NATACION, GIMNASIA- PORRISMO, \u00a0FUTBOL\u00a0 Y HABILIDADES ESCENICAS. Despertando en los ni\u00f1os habilidades comunicativas, f\u00edsicas, histri\u00f3nicas, compa\u00f1erismo, camarader\u00eda, autocontrol y seguridad.<\/p>\t\t\t\t\t\t\t\t<\/div>\n\t\t\t\t<\/div>\n\t\t\t\t\t<\/div>\n\t\t<\/div>\n\t\t\t\t\t<\/div>\n\t\t<\/section>\n\t\t\t\t<\/div>\n\t\t","protected":false},"excerpt":{"rendered":"<p>Restaurante Atendiendo las necesidades de los padres, y la alta demanda de alumnos que deben permanecer todo el d\u00eda en el colegio con una jornada extendida. El LICEO SANTO ANGEL ofrece servicio de restaurante,\u00a0 brindamos onces y almuerzos de excelente calidad a los alumnos. Enviando semanalmente a los padres la minuta para su conocimiento, esta [&hellip;]<\/p>\n","protected":false},"author":1,"featured_media":0,"parent":0,"menu_order":0,"comment_status":"closed","ping_status":"closed","template":"","meta":{"site-sidebar-layout":"no-sidebar","site-content-layout":"page-builder","ast-site-content-layout":"default","site-content-style":"default","site-sidebar-style":"default","ast-global-header-display":"","ast-banner-title-visibility":"","ast-main-header-display":"","ast-hfb-above-header-display":"","ast-hfb-below-header-display":"","ast-hfb-mobile-header-display":"","site-post-title":"disabled","ast-breadcrumbs-content":"","ast-featured-img":"disabled","footer-sml-layout":"","ast-disable-related-posts":"","theme-transparent-header-meta":"","adv-header-id-meta":"","stick-header-meta":"","header-above-stick-meta":"","header-main-stick-meta":"","header-below-stick-meta":"","astra-migrate-meta-layouts":"default","ast-page-background-enabled":"default","ast-page-background-meta":{"desktop":{"background-color":"var(--ast-global-color-4)","background-image":"","background-repeat":"repeat","background-position":"center center","background-size":"auto","background-attachment":"scroll","background-type":"","background-media":"","overlay-type":"","overlay-color":"","overlay-opacity":"","overlay-gradient":""},"tablet":{"background-color":"","background-image":"","background-repeat":"repeat","background-position":"center center","background-size":"auto","background-attachment":"scroll","background-type":"","background-media":"","overlay-type":"","overlay-color":"","overlay-opacity":"","overlay-gradient":""},"mobile":{"background-color":"","background-image":"","background-repeat":"repeat","background-position":"center center","background-size":"auto","background-attachment":"scroll","background-type":"","background-media":"","overlay-type":"","overlay-color":"","overlay-opacity":"","overlay-gradient":""}},"ast-content-background-meta":{"desktop":{"background-color":"var(--ast-global-color-5)","background-image":"","background-repeat":"repeat","background-position":"center center","background-size":"auto","background-attachment":"scroll","background-type":"","background-media":"","overlay-type":"","overlay-color":"","overlay-opacity":"","overlay-gradient":""},"tablet":{"background-color":"var(--ast-global-color-5)","background-image":"","background-repeat":"repeat","background-position":"center center","background-size":"auto","background-attachment":"scroll","background-type":"","background-media":"","overlay-type":"","overlay-color":"","overlay-opacity":"","overlay-gradient":""},"mobile":{"background-color":"var(--ast-global-color-5)","background-image":"","background-repeat":"repeat","background-position":"center center","background-size":"auto","background-attachment":"scroll","background-type":"","background-media":"","overlay-type":"","overlay-color":"","overlay-opacity":"","overlay-gradient":""}},"_joinchat":[],"footnotes":""},"class_list":["post-143","page","type-page","status-publish","hentry"],"_links":{"self":[{"href":"https:\/\/liceosantoangel.edu.co\/index.php\/wp-json\/wp\/v2\/pages\/143","targetHints":{"allow":["GET"]}}],"collection":[{"href":"https:\/\/liceosantoangel.edu.co\/index.php\/wp-json\/wp\/v2\/pages"}],"about":[{"href":"https:\/\/liceosantoangel.edu.co\/index.php\/wp-json\/wp\/v2\/types\/page"}],"author":[{"embeddable":true,"href":"https:\/\/liceosantoangel.edu.co\/index.php\/wp-json\/wp\/v2\/users\/1"}],"replies":[{"embeddable":true,"href":"https:\/\/liceosantoangel.edu.co\/index.php\/wp-json\/wp\/v2\/comments?post=143"}],"version-history":[{"count":19,"href":"https:\/\/liceosantoangel.edu.co\/index.php\/wp-json\/wp\/v2\/pages\/143\/revisions"}],"predecessor-version":[{"id":544,"href":"https:\/\/liceosantoangel.edu.co\/index.php\/wp-json\/wp\/v2\/pages\/143\/revisions\/544"}],"wp:attachment":[{"href":"https:\/\/liceosantoangel.edu.co\/index.php\/wp-json\/wp\/v2\/media?parent=143"}],"curies":[{"name":"wp","href":"https:\/\/api.w.org\/{rel}","templated":true}]}}