{"id":153,"date":"2023-06-24T04:03:08","date_gmt":"2023-06-24T04:03:08","guid":{"rendered":"https:\/\/liceosantoangel.edu.co\/?page_id=153"},"modified":"2026-01-29T23:59:51","modified_gmt":"2026-01-29T23:59:51","slug":"bienvenidos","status":"publish","type":"page","link":"https:\/\/liceosantoangel.edu.co\/","title":{"rendered":"Bienvenidos"},"content":{"rendered":"\t\t<div data-elementor-type=\"wp-page\" data-elementor-id=\"153\" class=\"elementor elementor-153\" data-elementor-post-type=\"page\">\n\t\t\t\t\t\t<section class=\"elementor-section elementor-top-section elementor-element elementor-element-be8336b elementor-section-boxed elementor-section-height-default elementor-section-height-default\" data-id=\"be8336b\" data-element_type=\"section\">\n\t\t\t\t\t\t<div class=\"elementor-container elementor-column-gap-default\">\n\t\t\t\t\t<div class=\"elementor-column elementor-col-100 elementor-top-column elementor-element elementor-element-50a3582\" data-id=\"50a3582\" data-element_type=\"column\">\n\t\t\t<div class=\"elementor-widget-wrap elementor-element-populated\">\n\t\t\t\t\t\t<div class=\"elementor-element elementor-element-279102d elementor-widget elementor-widget-video\" data-id=\"279102d\" data-element_type=\"widget\" data-settings=\"{&quot;youtube_url&quot;:&quot;https:\\\/\\\/youtu.be\\\/bfiPPKm-NDw&quot;,&quot;video_type&quot;:&quot;youtube&quot;,&quot;controls&quot;:&quot;yes&quot;}\" data-widget_type=\"video.default\">\n\t\t\t\t<div class=\"elementor-widget-container\">\n\t\t\t\t\t\t\t<div class=\"elementor-wrapper elementor-open-inline\">\n\t\t\t<div class=\"elementor-video\"><\/div>\t\t<\/div>\n\t\t\t\t\t\t<\/div>\n\t\t\t\t<\/div>\n\t\t\t\t\t<\/div>\n\t\t<\/div>\n\t\t\t\t\t<\/div>\n\t\t<\/section>\n\t\t\t\t<section class=\"elementor-section elementor-top-section elementor-element elementor-element-edcb432 elementor-section-full_width elementor-section-height-default elementor-section-height-default\" data-id=\"edcb432\" data-element_type=\"section\" data-settings=\"{&quot;background_background&quot;:&quot;slideshow&quot;,&quot;background_slideshow_gallery&quot;:[],&quot;background_slideshow_loop&quot;:&quot;yes&quot;,&quot;background_slideshow_slide_duration&quot;:5000,&quot;background_slideshow_slide_transition&quot;:&quot;fade&quot;,&quot;background_slideshow_transition_duration&quot;:500}\">\n\t\t\t\t\t\t<div class=\"elementor-container elementor-column-gap-default\">\n\t\t\t\t\t<div class=\"elementor-column elementor-col-100 elementor-top-column elementor-element elementor-element-2a3e79d\" data-id=\"2a3e79d\" data-element_type=\"column\">\n\t\t\t<div class=\"elementor-widget-wrap elementor-element-populated\">\n\t\t\t\t\t\t<div class=\"elementor-element elementor-element-04089bb elementor-widget elementor-widget-video\" data-id=\"04089bb\" data-element_type=\"widget\" data-settings=\"{&quot;video_type&quot;:&quot;hosted&quot;,&quot;start&quot;:12,&quot;end&quot;:31,&quot;mute&quot;:&quot;yes&quot;,&quot;show_image_overlay&quot;:&quot;yes&quot;,&quot;image_overlay&quot;:{&quot;url&quot;:&quot;https:\\\/\\\/liceosantoangel.edu.co\\\/wp-content\\\/uploads\\\/2023\\\/07\\\/colegio-dibuj-01-scaled.jpg&quot;,&quot;id&quot;:365,&quot;size&quot;:&quot;&quot;,&quot;alt&quot;:&quot;&quot;,&quot;source&quot;:&quot;library&quot;}}\" data-widget_type=\"video.default\">\n\t\t\t\t<div class=\"elementor-widget-container\">\n\t\t\t\t\t\t\t<div class=\"e-hosted-video elementor-wrapper elementor-open-inline\">\n\t\t\t\t\t<video class=\"elementor-video\" src=\"https:\/\/liceosantoangel.edu.co\/wp-content\/uploads\/2026\/01\/Acondicionamiento-fisico-1.mp4#t=12,31\" preload=\"metadata\" muted=\"muted\" controlsList=\"nodownload\" poster=\"https:\/\/liceosantoangel.edu.co\/wp-content\/uploads\/2023\/07\/equi-academico-scaled.jpg\"><\/video>\n\t\t\t\t\t\t<div class=\"elementor-custom-embed-image-overlay\" style=\"background-image: url(https:\/\/liceosantoangel.edu.co\/wp-content\/uploads\/2023\/07\/colegio-dibuj-01-scaled.jpg);\">\n\t\t\t\t\t\t\t\t\t\t\t\t\t\t\t\t<div class=\"elementor-custom-embed-play\" role=\"button\" aria-label=\"Play Video\" tabindex=\"0\">\n\t\t\t\t\t\t\t<i aria-hidden=\"true\" class=\"eicon-play\"><\/i>\t\t\t\t\t\t<\/div>\n\t\t\t\t\t\t\t\t\t<\/div>\n\t\t\t\t\t<\/div>\n\t\t\t\t\t\t<\/div>\n\t\t\t\t<\/div>\n\t\t\t\t\t<\/div>\n\t\t<\/div>\n\t\t\t\t\t<\/div>\n\t\t<\/section>\n\t\t\t\t<section class=\"elementor-section elementor-top-section elementor-element elementor-element-90c6364 elementor-section-boxed elementor-section-height-default elementor-section-height-default\" data-id=\"90c6364\" data-element_type=\"section\" data-settings=\"{&quot;background_background&quot;:&quot;classic&quot;}\">\n\t\t\t\t\t\t<div class=\"elementor-container elementor-column-gap-default\">\n\t\t\t\t\t<div class=\"elementor-column elementor-col-50 elementor-top-column elementor-element elementor-element-2a604b6\" data-id=\"2a604b6\" data-element_type=\"column\">\n\t\t\t<div class=\"elementor-widget-wrap elementor-element-populated\">\n\t\t\t\t\t\t<div class=\"elementor-element elementor-element-9cff6aa elementor-widget elementor-widget-image\" data-id=\"9cff6aa\" data-element_type=\"widget\" data-widget_type=\"image.default\">\n\t\t\t\t<div class=\"elementor-widget-container\">\n\t\t\t\t\t\t\t\t\t\t\t\t\t\t\t<img fetchpriority=\"high\" decoding=\"async\" width=\"1024\" height=\"576\" src=\"https:\/\/liceosantoangel.edu.co\/wp-content\/uploads\/2023\/07\/Sin-titulo-1-Recuperado_Mesa-de-trabajo-1-1024x576.jpg\" class=\"attachment-large size-large wp-image-451\" alt=\"\" srcset=\"https:\/\/liceosantoangel.edu.co\/wp-content\/uploads\/2023\/07\/Sin-titulo-1-Recuperado_Mesa-de-trabajo-1-1024x576.jpg 1024w, https:\/\/liceosantoangel.edu.co\/wp-content\/uploads\/2023\/07\/Sin-titulo-1-Recuperado_Mesa-de-trabajo-1-300x169.jpg 300w, https:\/\/liceosantoangel.edu.co\/wp-content\/uploads\/2023\/07\/Sin-titulo-1-Recuperado_Mesa-de-trabajo-1-768x432.jpg 768w, https:\/\/liceosantoangel.edu.co\/wp-content\/uploads\/2023\/07\/Sin-titulo-1-Recuperado_Mesa-de-trabajo-1-1536x864.jpg 1536w, https:\/\/liceosantoangel.edu.co\/wp-content\/uploads\/2023\/07\/Sin-titulo-1-Recuperado_Mesa-de-trabajo-1-2048x1152.jpg 2048w\" sizes=\"(max-width: 1024px) 100vw, 1024px\" \/>\t\t\t\t\t\t\t\t\t\t\t\t\t\t\t<\/div>\n\t\t\t\t<\/div>\n\t\t\t\t<div class=\"elementor-element elementor-element-dc9541d elementor-button-info elementor-widget elementor-widget-button\" data-id=\"dc9541d\" data-element_type=\"widget\" data-widget_type=\"button.default\">\n\t\t\t\t<div class=\"elementor-widget-container\">\n\t\t\t\t\t\t\t\t\t<div class=\"elementor-button-wrapper\">\n\t\t\t\t\t<a class=\"elementor-button elementor-button-link elementor-size-sm\" href=\"https:\/\/web.whatsapp.com\/#3163066636\">\n\t\t\t\t\t\t<span class=\"elementor-button-content-wrapper\">\n\t\t\t\t\t\t<span class=\"elementor-button-icon\">\n\t\t\t\t<i aria-hidden=\"true\" class=\"fab fa-whatsapp\"><\/i>\t\t\t<\/span>\n\t\t\t\t\t\t\t\t\t<span class=\"elementor-button-text\">Escr\u00edbenos <\/span>\n\t\t\t\t\t<\/span>\n\t\t\t\t\t<\/a>\n\t\t\t\t<\/div>\n\t\t\t\t\t\t\t\t<\/div>\n\t\t\t\t<\/div>\n\t\t\t\t\t<\/div>\n\t\t<\/div>\n\t\t\t\t<div class=\"elementor-column elementor-col-50 elementor-top-column elementor-element elementor-element-c0bb4f5\" data-id=\"c0bb4f5\" data-element_type=\"column\">\n\t\t\t<div class=\"elementor-widget-wrap elementor-element-populated\">\n\t\t\t\t\t\t<div class=\"elementor-element elementor-element-e5065d9 elementor-invisible elementor-widget elementor-widget-text-editor\" data-id=\"e5065d9\" data-element_type=\"widget\" data-settings=\"{&quot;motion_fx_motion_fx_scrolling&quot;:&quot;yes&quot;,&quot;motion_fx_translateY_effect&quot;:&quot;yes&quot;,&quot;motion_fx_motion_fx_mouse&quot;:&quot;yes&quot;,&quot;_animation&quot;:&quot;fadeIn&quot;,&quot;motion_fx_translateY_speed&quot;:{&quot;unit&quot;:&quot;px&quot;,&quot;size&quot;:4,&quot;sizes&quot;:[]},&quot;motion_fx_translateY_affectedRange&quot;:{&quot;unit&quot;:&quot;%&quot;,&quot;size&quot;:&quot;&quot;,&quot;sizes&quot;:{&quot;start&quot;:0,&quot;end&quot;:100}},&quot;motion_fx_devices&quot;:[&quot;desktop&quot;,&quot;tablet&quot;,&quot;mobile&quot;]}\" data-widget_type=\"text-editor.default\">\n\t\t\t\t<div class=\"elementor-widget-container\">\n\t\t\t\t\t\t\t\t\t<p>\u00a1DESEAS SER PARTE DE LA FAMILIA SANTO ANGEL?<\/p><ol><li>Agenda tu cita<\/li><li>Conoce el Liceo Santo Angel, visita a nuestras instalaciones.<\/li><li>Reuni\u00f3n informativa.<\/li><li>Matricula: debes adquirir el formulario durante la visita e inscribirte. (cupos limitados)<\/li><li>En la secretaria del colegio se dar\u00e1n todas las indicaciones, documentos, fechas y costos para que hagas parte de nuestra familia.<\/li><li><p>Bienvenidos!!! acaban de tomar una excelente decisi\u00f3n para su hijo, llegan a un ambiente saludable, fraterno, con un aprendizaje de alta calidad, excelencia acad\u00e9mica, \u00e9nfasis en ingl\u00e9s donde iniciamos un proceso de formaci\u00f3n de lideres felices con un proyecto de valores fundamentado en un ambiente de convivencia<\/p><\/li><\/ol>\t\t\t\t\t\t\t\t<\/div>\n\t\t\t\t<\/div>\n\t\t\t\t\t<\/div>\n\t\t<\/div>\n\t\t\t\t\t<\/div>\n\t\t<\/section>\n\t\t\t\t<section class=\"elementor-section elementor-top-section elementor-element elementor-element-6916706 elementor-section-boxed elementor-section-height-default elementor-section-height-default\" data-id=\"6916706\" data-element_type=\"section\">\n\t\t\t\t\t\t\t<div class=\"elementor-background-overlay\"><\/div>\n\t\t\t\t\t\t\t<div class=\"elementor-container elementor-column-gap-default\">\n\t\t\t\t\t<div class=\"elementor-column elementor-col-100 elementor-top-column elementor-element elementor-element-fc61ae1\" data-id=\"fc61ae1\" data-element_type=\"column\">\n\t\t\t<div class=\"elementor-widget-wrap elementor-element-populated\">\n\t\t\t\t\t\t<div class=\"elementor-element elementor-element-da88df9 elementor-widget elementor-widget-image\" data-id=\"da88df9\" data-element_type=\"widget\" data-widget_type=\"image.default\">\n\t\t\t\t<div class=\"elementor-widget-container\">\n\t\t\t\t\t\t\t\t\t\t\t\t\t\t\t<img decoding=\"async\" width=\"1024\" height=\"576\" src=\"https:\/\/liceosantoangel.edu.co\/wp-content\/uploads\/2023\/06\/webb1_Mesa-de-trabajo-1-1024x576.jpg\" class=\"attachment-large size-large wp-image-175\" alt=\"\" srcset=\"https:\/\/liceosantoangel.edu.co\/wp-content\/uploads\/2023\/06\/webb1_Mesa-de-trabajo-1-1024x576.jpg 1024w, https:\/\/liceosantoangel.edu.co\/wp-content\/uploads\/2023\/06\/webb1_Mesa-de-trabajo-1-300x169.jpg 300w, https:\/\/liceosantoangel.edu.co\/wp-content\/uploads\/2023\/06\/webb1_Mesa-de-trabajo-1-768x432.jpg 768w, https:\/\/liceosantoangel.edu.co\/wp-content\/uploads\/2023\/06\/webb1_Mesa-de-trabajo-1-1536x864.jpg 1536w, https:\/\/liceosantoangel.edu.co\/wp-content\/uploads\/2023\/06\/webb1_Mesa-de-trabajo-1-2048x1152.jpg 2048w\" sizes=\"(max-width: 1024px) 100vw, 1024px\" \/>\t\t\t\t\t\t\t\t\t\t\t\t\t\t\t<\/div>\n\t\t\t\t<\/div>\n\t\t\t\t\t<\/div>\n\t\t<\/div>\n\t\t\t\t\t<\/div>\n\t\t<\/section>\n\t\t\t\t<section class=\"elementor-section elementor-top-section elementor-element elementor-element-8554fe7 elementor-section-boxed elementor-section-height-default elementor-section-height-default\" data-id=\"8554fe7\" data-element_type=\"section\" data-settings=\"{&quot;background_background&quot;:&quot;gradient&quot;}\">\n\t\t\t\t\t\t<div class=\"elementor-container elementor-column-gap-default\">\n\t\t\t\t\t<div class=\"elementor-column elementor-col-100 elementor-top-column elementor-element elementor-element-70f7db9\" data-id=\"70f7db9\" data-element_type=\"column\">\n\t\t\t<div class=\"elementor-widget-wrap elementor-element-populated\">\n\t\t\t\t\t\t<div class=\"elementor-element elementor-element-f1d1bbc elementor-widget elementor-widget-image\" data-id=\"f1d1bbc\" data-element_type=\"widget\" data-widget_type=\"image.default\">\n\t\t\t\t<div class=\"elementor-widget-container\">\n\t\t\t\t\t\t\t\t\t\t\t\t\t\t\t<img decoding=\"async\" width=\"1024\" height=\"556\" src=\"https:\/\/liceosantoangel.edu.co\/wp-content\/uploads\/2023\/08\/siguenos-1024x556.png\" class=\"attachment-large size-large wp-image-510\" alt=\"\" srcset=\"https:\/\/liceosantoangel.edu.co\/wp-content\/uploads\/2023\/08\/siguenos-1024x556.png 1024w, https:\/\/liceosantoangel.edu.co\/wp-content\/uploads\/2023\/08\/siguenos-300x163.png 300w, https:\/\/liceosantoangel.edu.co\/wp-content\/uploads\/2023\/08\/siguenos-768x417.png 768w, https:\/\/liceosantoangel.edu.co\/wp-content\/uploads\/2023\/08\/siguenos-1536x834.png 1536w, https:\/\/liceosantoangel.edu.co\/wp-content\/uploads\/2023\/08\/siguenos-2048x1112.png 2048w\" sizes=\"(max-width: 1024px) 100vw, 1024px\" \/>\t\t\t\t\t\t\t\t\t\t\t\t\t\t\t<\/div>\n\t\t\t\t<\/div>\n\t\t\t\t\t<\/div>\n\t\t<\/div>\n\t\t\t\t\t<\/div>\n\t\t<\/section>\n\t\t\t\t<\/div>\n\t\t","protected":false},"excerpt":{"rendered":"<p>https:\/\/youtu.be\/bfiPPKm-NDwhttps:\/\/liceosantoangel.edu.co\/wp-content\/uploads\/2026\/01\/Acondicionamiento-fisico-1.mp4#t=12,31 Escr\u00edbenos \u00a1DESEAS SER PARTE DE LA FAMILIA SANTO ANGEL? Agenda tu cita Conoce el Liceo Santo Angel, visita a nuestras instalaciones. Reuni\u00f3n informativa. Matricula: debes adquirir el formulario durante la visita e inscribirte. (cupos limitados) En la secretaria del colegio se dar\u00e1n todas las indicaciones, documentos, fechas y costos para que hagas parte de [&hellip;]<\/p>\n","protected":false},"author":1,"featured_media":0,"parent":0,"menu_order":0,"comment_status":"closed","ping_status":"closed","template":"","meta":{"site-sidebar-layout":"no-sidebar","site-content-layout":"page-builder","ast-site-content-layout":"default","site-content-style":"default","site-sidebar-style":"default","ast-global-header-display":"","ast-banner-title-visibility":"","ast-main-header-display":"","ast-hfb-above-header-display":"","ast-hfb-below-header-display":"","ast-hfb-mobile-header-display":"","site-post-title":"","ast-breadcrumbs-content":"","ast-featured-img":"disabled","footer-sml-layout":"","ast-disable-related-posts":"","theme-transparent-header-meta":"","adv-header-id-meta":"","stick-header-meta":"","header-above-stick-meta":"","header-main-stick-meta":"","header-below-stick-meta":"","astra-migrate-meta-layouts":"default","ast-page-background-enabled":"default","ast-page-background-meta":{"desktop":{"background-color":"var(--ast-global-color-4)","background-image":"","background-repeat":"repeat","background-position":"center center","background-size":"auto","background-attachment":"scroll","background-type":"","background-media":"","overlay-type":"","overlay-color":"","overlay-opacity":"","overlay-gradient":""},"tablet":{"background-color":"","background-image":"","background-repeat":"repeat","background-position":"center center","background-size":"auto","background-attachment":"scroll","background-type":"","background-media":"","overlay-type":"","overlay-color":"","overlay-opacity":"","overlay-gradient":""},"mobile":{"background-color":"","background-image":"","background-repeat":"repeat","background-position":"center center","background-size":"auto","background-attachment":"scroll","background-type":"","background-media":"","overlay-type":"","overlay-color":"","overlay-opacity":"","overlay-gradient":""}},"ast-content-background-meta":{"desktop":{"background-color":"var(--ast-global-color-5)","background-image":"","background-repeat":"repeat","background-position":"center center","background-size":"auto","background-attachment":"scroll","background-type":"","background-media":"","overlay-type":"","overlay-color":"","overlay-opacity":"","overlay-gradient":""},"tablet":{"background-color":"var(--ast-global-color-5)","background-image":"","background-repeat":"repeat","background-position":"center center","background-size":"auto","background-attachment":"scroll","background-type":"","background-media":"","overlay-type":"","overlay-color":"","overlay-opacity":"","overlay-gradient":""},"mobile":{"background-color":"var(--ast-global-color-5)","background-image":"","background-repeat":"repeat","background-position":"center center","background-size":"auto","background-attachment":"scroll","background-type":"","background-media":"","overlay-type":"","overlay-color":"","overlay-opacity":"","overlay-gradient":""}},"_joinchat":[],"footnotes":""},"class_list":["post-153","page","type-page","status-publish","hentry"],"_links":{"self":[{"href":"https:\/\/liceosantoangel.edu.co\/index.php\/wp-json\/wp\/v2\/pages\/153","targetHints":{"allow":["GET"]}}],"collection":[{"href":"https:\/\/liceosantoangel.edu.co\/index.php\/wp-json\/wp\/v2\/pages"}],"about":[{"href":"https:\/\/liceosantoangel.edu.co\/index.php\/wp-json\/wp\/v2\/types\/page"}],"author":[{"embeddable":true,"href":"https:\/\/liceosantoangel.edu.co\/index.php\/wp-json\/wp\/v2\/users\/1"}],"replies":[{"embeddable":true,"href":"https:\/\/liceosantoangel.edu.co\/index.php\/wp-json\/wp\/v2\/comments?post=153"}],"version-history":[{"count":67,"href":"https:\/\/liceosantoangel.edu.co\/index.php\/wp-json\/wp\/v2\/pages\/153\/revisions"}],"predecessor-version":[{"id":610,"href":"https:\/\/liceosantoangel.edu.co\/index.php\/wp-json\/wp\/v2\/pages\/153\/revisions\/610"}],"wp:attachment":[{"href":"https:\/\/liceosantoangel.edu.co\/index.php\/wp-json\/wp\/v2\/media?parent=153"}],"curies":[{"name":"wp","href":"https:\/\/api.w.org\/{rel}","templated":true}]}}