{"id":250,"date":"2023-06-24T13:42:07","date_gmt":"2023-06-24T13:42:07","guid":{"rendered":"https:\/\/liceosantoangel.edu.co\/?page_id=250"},"modified":"2023-08-17T14:44:56","modified_gmt":"2023-08-17T14:44:56","slug":"basica-primaria","status":"publish","type":"page","link":"https:\/\/liceosantoangel.edu.co\/index.php\/basica-primaria\/","title":{"rendered":"B\u00e1sica Primaria"},"content":{"rendered":"\t\t<div data-elementor-type=\"wp-page\" data-elementor-id=\"250\" class=\"elementor elementor-250\" data-elementor-post-type=\"page\">\n\t\t\t\t\t\t<section class=\"elementor-section elementor-top-section elementor-element elementor-element-307f7cb elementor-section-full_width elementor-section-content-middle elementor-section-height-default elementor-section-height-default\" data-id=\"307f7cb\" data-element_type=\"section\" data-settings=\"{&quot;background_background&quot;:&quot;classic&quot;}\">\n\t\t\t\t\t\t<div class=\"elementor-container elementor-column-gap-no\">\n\t\t\t\t\t<div class=\"elementor-column elementor-col-50 elementor-top-column elementor-element elementor-element-4225cf20\" data-id=\"4225cf20\" data-element_type=\"column\" data-settings=\"{&quot;background_background&quot;:&quot;classic&quot;}\">\n\t\t\t<div class=\"elementor-widget-wrap elementor-element-populated\">\n\t\t\t\t\t<div class=\"elementor-background-overlay\"><\/div>\n\t\t\t\t\t\t<div class=\"elementor-element elementor-element-6b1a9f0a elementor-widget elementor-widget-heading\" data-id=\"6b1a9f0a\" data-element_type=\"widget\" data-widget_type=\"heading.default\">\n\t\t\t\t<div class=\"elementor-widget-container\">\n\t\t\t\t\t<h4 class=\"elementor-heading-title elementor-size-default\">B\u00e1sica\nPrimaria<\/h4>\t\t\t\t<\/div>\n\t\t\t\t<\/div>\n\t\t\t\t\t<\/div>\n\t\t<\/div>\n\t\t\t\t<div class=\"elementor-column elementor-col-50 elementor-top-column elementor-element elementor-element-60e54e\" data-id=\"60e54e\" data-element_type=\"column\">\n\t\t\t<div class=\"elementor-widget-wrap elementor-element-populated\">\n\t\t\t\t\t\t<div class=\"elementor-element elementor-element-6ef052b1 elementor-widget elementor-widget-text-editor\" data-id=\"6ef052b1\" data-element_type=\"widget\" data-widget_type=\"text-editor.default\">\n\t\t\t\t<div class=\"elementor-widget-container\">\n\t\t\t\t\t\t\t\t\t<p>En la primaria desarrollamos en nuestros ni\u00f1os-as la autonom\u00eda de acuerdo a la etapa de desarrollo en que se encuentran, generamos actitudes y percepciones positivas hacia cada tarea ayud\u00e1ndolos a reconocer su valor y, a reconocerse como aprendices con la habilidad necesaria para realizarla.<\/p>\n<p>Para ello, las tareas y actividades deben ser significativas, estar vinculadas a los intereses y las necesidades de cada uno; est\u00e1n dirigidas a despertar su atenci\u00f3n y motivaci\u00f3n hacia el aprendizaje. Igualmente, en primaria desarrollamos procesos que formen a nuestros estudiantes para responder de manera positiva todas a aquellas oportunidades, retos, responsabilidades y experiencias que les proporcionar\u00e1 la vida en el bachillerato.<\/p>\n<p>Tenemos grupos reducidos para lograr atender&nbsp;&nbsp; las distintas inteligencias y estilos de aprendizaje y el ser.&nbsp; Desarrollando los procesos del pensamiento. Esto nos permite desplegar un abanico de posibilidades a nivel did\u00e1ctico para que el alumno conozca sus aptitudes, apoy\u00e1ndose en ellas y aumente su autoestima.<\/p>\n<p>Buscamos contar con el apoyo y la participaci\u00f3n de las familias en la tarea de educar, ya que el conjunto familia-colegio es fundamental para que los alumnos se sientan seguros y as\u00ed puedan aprender en un ambiente de confianza.<\/p>\t\t\t\t\t\t\t\t<\/div>\n\t\t\t\t<\/div>\n\t\t\t\t\t<\/div>\n\t\t<\/div>\n\t\t\t\t\t<\/div>\n\t\t<\/section>\n\t\t\t\t<\/div>\n\t\t","protected":false},"excerpt":{"rendered":"<p>B\u00e1sica Primaria En la primaria desarrollamos en nuestros ni\u00f1os-as la autonom\u00eda de acuerdo a la etapa de desarrollo en que se encuentran, generamos actitudes y percepciones positivas hacia cada tarea ayud\u00e1ndolos a reconocer su valor y, a reconocerse como aprendices con la habilidad necesaria para realizarla. Para ello, las tareas y actividades deben ser significativas, [&hellip;]<\/p>\n","protected":false},"author":1,"featured_media":0,"parent":0,"menu_order":0,"comment_status":"closed","ping_status":"closed","template":"","meta":{"site-sidebar-layout":"no-sidebar","site-content-layout":"page-builder","ast-site-content-layout":"default","site-content-style":"default","site-sidebar-style":"default","ast-global-header-display":"","ast-banner-title-visibility":"","ast-main-header-display":"","ast-hfb-above-header-display":"","ast-hfb-below-header-display":"","ast-hfb-mobile-header-display":"","site-post-title":"disabled","ast-breadcrumbs-content":"","ast-featured-img":"disabled","footer-sml-layout":"","ast-disable-related-posts":"","theme-transparent-header-meta":"","adv-header-id-meta":"","stick-header-meta":"","header-above-stick-meta":"","header-main-stick-meta":"","header-below-stick-meta":"","astra-migrate-meta-layouts":"default","ast-page-background-enabled":"default","ast-page-background-meta":{"desktop":{"background-color":"var(--ast-global-color-4)","background-image":"","background-repeat":"repeat","background-position":"center center","background-size":"auto","background-attachment":"scroll","background-type":"","background-media":"","overlay-type":"","overlay-color":"","overlay-opacity":"","overlay-gradient":""},"tablet":{"background-color":"","background-image":"","background-repeat":"repeat","background-position":"center center","background-size":"auto","background-attachment":"scroll","background-type":"","background-media":"","overlay-type":"","overlay-color":"","overlay-opacity":"","overlay-gradient":""},"mobile":{"background-color":"","background-image":"","background-repeat":"repeat","background-position":"center center","background-size":"auto","background-attachment":"scroll","background-type":"","background-media":"","overlay-type":"","overlay-color":"","overlay-opacity":"","overlay-gradient":""}},"ast-content-background-meta":{"desktop":{"background-color":"var(--ast-global-color-5)","background-image":"","background-repeat":"repeat","background-position":"center center","background-size":"auto","background-attachment":"scroll","background-type":"","background-media":"","overlay-type":"","overlay-color":"","overlay-opacity":"","overlay-gradient":""},"tablet":{"background-color":"var(--ast-global-color-5)","background-image":"","background-repeat":"repeat","background-position":"center center","background-size":"auto","background-attachment":"scroll","background-type":"","background-media":"","overlay-type":"","overlay-color":"","overlay-opacity":"","overlay-gradient":""},"mobile":{"background-color":"var(--ast-global-color-5)","background-image":"","background-repeat":"repeat","background-position":"center center","background-size":"auto","background-attachment":"scroll","background-type":"","background-media":"","overlay-type":"","overlay-color":"","overlay-opacity":"","overlay-gradient":""}},"_joinchat":[],"footnotes":""},"class_list":["post-250","page","type-page","status-publish","hentry"],"_links":{"self":[{"href":"https:\/\/liceosantoangel.edu.co\/index.php\/wp-json\/wp\/v2\/pages\/250","targetHints":{"allow":["GET"]}}],"collection":[{"href":"https:\/\/liceosantoangel.edu.co\/index.php\/wp-json\/wp\/v2\/pages"}],"about":[{"href":"https:\/\/liceosantoangel.edu.co\/index.php\/wp-json\/wp\/v2\/types\/page"}],"author":[{"embeddable":true,"href":"https:\/\/liceosantoangel.edu.co\/index.php\/wp-json\/wp\/v2\/users\/1"}],"replies":[{"embeddable":true,"href":"https:\/\/liceosantoangel.edu.co\/index.php\/wp-json\/wp\/v2\/comments?post=250"}],"version-history":[{"count":10,"href":"https:\/\/liceosantoangel.edu.co\/index.php\/wp-json\/wp\/v2\/pages\/250\/revisions"}],"predecessor-version":[{"id":538,"href":"https:\/\/liceosantoangel.edu.co\/index.php\/wp-json\/wp\/v2\/pages\/250\/revisions\/538"}],"wp:attachment":[{"href":"https:\/\/liceosantoangel.edu.co\/index.php\/wp-json\/wp\/v2\/media?parent=250"}],"curies":[{"name":"wp","href":"https:\/\/api.w.org\/{rel}","templated":true}]}}